{"id":52,"date":"2021-03-11T21:50:12","date_gmt":"2021-03-11T21:50:12","guid":{"rendered":"http:\/\/alphaelectronicstesting.plutonium.rs\/?page_id=52"},"modified":"2023-10-19T14:18:47","modified_gmt":"2023-10-19T14:18:47","slug":"hair-straighteners","status":"publish","type":"page","link":"https:\/\/alphaelectronics.eu\/sr\/hair-straighteners\/","title":{"rendered":"Prese za kosu"},"content":{"rendered":"<div data-elementor-type=\"wp-page\" data-elementor-id=\"52\" class=\"elementor elementor-52\" data-elementor-post-type=\"page\">\n\t\t\t\t\t\t<section class=\"elementor-section elementor-top-section elementor-element elementor-element-a699a7c elementor-section-height-min-height elementor-section-boxed elementor-section-height-default elementor-section-items-middle\" data-id=\"a699a7c\" data-element_type=\"section\" data-settings=\"{&quot;background_background&quot;:&quot;classic&quot;}\">\n\t\t\t\t\t\t<div class=\"elementor-container elementor-column-gap-default\">\n\t\t\t\t\t<div class=\"elementor-column elementor-col-100 elementor-top-column elementor-element elementor-element-139da3f\" data-id=\"139da3f\" data-element_type=\"column\">\n\t\t\t<div class=\"elementor-widget-wrap\">\n\t\t\t\t\t\t\t<\/div>\n\t\t<\/div>\n\t\t\t\t\t<\/div>\n\t\t<\/section>\n\t\t\t\t<section class=\"elementor-section elementor-top-section elementor-element elementor-element-2aa5b72 elementor-section-boxed elementor-section-height-default elementor-section-height-default\" data-id=\"2aa5b72\" data-element_type=\"section\">\n\t\t\t\t\t\t<div class=\"elementor-container elementor-column-gap-default\">\n\t\t\t\t\t<div class=\"elementor-column elementor-col-100 elementor-top-column elementor-element elementor-element-6935253\" data-id=\"6935253\" data-element_type=\"column\">\n\t\t\t<div class=\"elementor-widget-wrap elementor-element-populated\">\n\t\t\t\t\t\t<div class=\"elementor-element elementor-element-8b4d6e7 elementor-widget elementor-widget-heading\" data-id=\"8b4d6e7\" data-element_type=\"widget\" data-widget_type=\"heading.default\">\n\t\t\t\t<div class=\"elementor-widget-container\">\n\t\t\t\t\t<h2 class=\"elementor-heading-title elementor-size-default\">Salon lepote u va\u0161em domu uz Alpha ure\u0111aje: fenove, trimere, stajlere i prese za kosu<\/h2>\t\t\t\t<\/div>\n\t\t\t\t<\/div>\n\t\t\t\t<div class=\"elementor-element elementor-element-d5ebb86 elementor-widget elementor-widget-text-editor\" data-id=\"d5ebb86\" data-element_type=\"widget\" data-widget_type=\"text-editor.default\">\n\t\t\t\t<div class=\"elementor-widget-container\">\n\t\t\t\t\t\t\t\t\t<p><span style=\"font-weight: 400;\">Savremeni na\u010din \u017eivota koji zahteva svakodnevno planiranje obaveza i balansiranje izme\u0111u poslovnog i privatnog \u017eivota iznedrio je koncept brige o sebi kao neophodnost da uprkos zauzetosti prona\u0111emo vreme koje \u0107emo posvetiti sebi, a koje \u0107e imati blagotvoran efekat na na\u0161e mentalno i op\u0161te zdravlje.<\/span><\/p><p><span style=\"font-weight: 400;\">Organizacija vremena, obaveza i poslova na dnevnom nivou dobija sasvim novi prizvuk kada iz svog plana mo\u017eete da isklju\u010dite redovan odlazak kod frizera, jer uz Alpha ure\u0111aje za negu i lepotu, dame mogu stilizovanje kose obaviti i same u svom domu, a mu\u0161karci biti sopstveni frizeri i berberini.<\/span><\/p><p><span style=\"font-weight: 400;\">Predstavljamo vam ure\u0111aje za negu i lepotu koji vam donose lako\u0107u kori\u0161\u0107enja, visoku efikasnost i profesionalne rezultate zahvaljuju\u0107i ergonomskom dizajnu i naprednim funkcijama zasnovanim na primeni inovativnih vrhunskih tehnologija.\u00a0<\/span><\/p>\t\t\t\t\t\t\t\t<\/div>\n\t\t\t\t<\/div>\n\t\t\t\t\t<\/div>\n\t\t<\/div>\n\t\t\t\t\t<\/div>\n\t\t<\/section>\n\t\t\t\t<section class=\"elementor-section elementor-top-section elementor-element elementor-element-3f0fe00 elementor-section-boxed elementor-section-height-default elementor-section-height-default\" data-id=\"3f0fe00\" data-element_type=\"section\">\n\t\t\t\t\t\t<div class=\"elementor-container elementor-column-gap-default\">\n\t\t\t\t\t<div class=\"elementor-column elementor-col-100 elementor-top-column elementor-element elementor-element-4890578\" data-id=\"4890578\" data-element_type=\"column\">\n\t\t\t<div class=\"elementor-widget-wrap elementor-element-populated\">\n\t\t\t\t\t\t<div class=\"elementor-element elementor-element-4be67a7 elementor-widget elementor-widget-heading\" data-id=\"4be67a7\" data-element_type=\"widget\" data-widget_type=\"heading.default\">\n\t\t\t\t<div class=\"elementor-widget-container\">\n\t\t\t\t\t<h2 class=\"elementor-heading-title elementor-size-default\">Alpha prese za kosu\n<\/h2>\t\t\t\t<\/div>\n\t\t\t\t<\/div>\n\t\t\t\t\t<\/div>\n\t\t<\/div>\n\t\t\t\t\t<\/div>\n\t\t<\/section>\n\t\t\t\t<section class=\"elementor-section elementor-top-section elementor-element elementor-element-1c6c593 elementor-section-boxed elementor-section-height-default elementor-section-height-default\" data-id=\"1c6c593\" data-element_type=\"section\">\n\t\t\t\t\t\t<div class=\"elementor-container elementor-column-gap-default\">\n\t\t\t\t\t<div class=\"elementor-column elementor-col-25 elementor-top-column elementor-element elementor-element-030d291\" data-id=\"030d291\" data-element_type=\"column\">\n\t\t\t<div class=\"elementor-widget-wrap elementor-element-populated\">\n\t\t\t\t\t\t<div class=\"elementor-element elementor-element-84b5073 elementor-widget elementor-widget-image\" data-id=\"84b5073\" data-element_type=\"widget\" data-widget_type=\"image.default\">\n\t\t\t\t<div class=\"elementor-widget-container\">\n\t\t\t\t\t\t\t\t\t\t\t\t\t\t\t<img decoding=\"async\" width=\"266\" height=\"182\" src=\"https:\/\/alphaelectronics.eu\/wp-content\/uploads\/2021\/03\/611.jpg\" class=\"attachment-medium size-medium wp-image-1561\" alt=\"\" srcset=\"https:\/\/alphaelectronics.eu\/wp-content\/uploads\/2021\/03\/611.jpg 266w, https:\/\/alphaelectronics.eu\/wp-content\/uploads\/2021\/03\/611-16x12.jpg 16w\" sizes=\"(max-width: 266px) 100vw, 266px\" \/>\t\t\t\t\t\t\t\t\t\t\t\t\t\t\t<\/div>\n\t\t\t\t<\/div>\n\t\t\t\t<div class=\"elementor-element elementor-element-5f459db elementor-widget elementor-widget-heading\" data-id=\"5f459db\" data-element_type=\"widget\" data-widget_type=\"heading.default\">\n\t\t\t\t<div class=\"elementor-widget-container\">\n\t\t\t\t\t<h2 class=\"elementor-heading-title elementor-size-default\">Alpha AHS611<\/h2>\t\t\t\t<\/div>\n\t\t\t\t<\/div>\n\t\t\t\t<div class=\"elementor-element elementor-element-edb7566 elementor-align-center elementor-widget elementor-widget-button\" data-id=\"edb7566\" data-element_type=\"widget\" data-widget_type=\"button.default\">\n\t\t\t\t<div class=\"elementor-widget-container\">\n\t\t\t\t\t\t\t\t\t<div class=\"elementor-button-wrapper\">\n\t\t\t\t\t<a class=\"elementor-button elementor-button-link elementor-size-sm\" href=\"https:\/\/alphaelectronics.eu\/sr\/p\/alpha-ahs611\/\">\n\t\t\t\t\t\t<span class=\"elementor-button-content-wrapper\">\n\t\t\t\t\t\t\t\t\t<span class=\"elementor-button-text\">Saznaj vi\u0161e<\/span>\n\t\t\t\t\t<\/span>\n\t\t\t\t\t<\/a>\n\t\t\t\t<\/div>\n\t\t\t\t\t\t\t\t<\/div>\n\t\t\t\t<\/div>\n\t\t\t\t\t<\/div>\n\t\t<\/div>\n\t\t\t\t<div class=\"elementor-column elementor-col-25 elementor-top-column elementor-element elementor-element-e1e1d4f\" data-id=\"e1e1d4f\" data-element_type=\"column\">\n\t\t\t<div class=\"elementor-widget-wrap\">\n\t\t\t\t\t\t\t<\/div>\n\t\t<\/div>\n\t\t\t\t<div class=\"elementor-column elementor-col-25 elementor-top-column elementor-element elementor-element-6596ce7\" data-id=\"6596ce7\" data-element_type=\"column\">\n\t\t\t<div class=\"elementor-widget-wrap\">\n\t\t\t\t\t\t\t<\/div>\n\t\t<\/div>\n\t\t\t\t<div class=\"elementor-column elementor-col-25 elementor-top-column elementor-element elementor-element-c5ad8ee\" data-id=\"c5ad8ee\" data-element_type=\"column\">\n\t\t\t<div class=\"elementor-widget-wrap\">\n\t\t\t\t\t\t\t<\/div>\n\t\t<\/div>\n\t\t\t\t\t<\/div>\n\t\t<\/section>\n\t\t\t\t<section class=\"elementor-section elementor-top-section elementor-element elementor-element-dcec9df elementor-section-boxed elementor-section-height-default elementor-section-height-default\" data-id=\"dcec9df\" data-element_type=\"section\" data-settings=\"{&quot;background_background&quot;:&quot;classic&quot;}\">\n\t\t\t\t\t\t<div class=\"elementor-container elementor-column-gap-default\">\n\t\t\t\t\t<div class=\"elementor-column elementor-col-50 elementor-top-column elementor-element elementor-element-a8b4a56\" data-id=\"a8b4a56\" data-element_type=\"column\">\n\t\t\t<div class=\"elementor-widget-wrap elementor-element-populated\">\n\t\t\t\t\t\t<div class=\"elementor-element elementor-element-4be7a95 elementor-widget elementor-widget-image\" data-id=\"4be7a95\" data-element_type=\"widget\" data-widget_type=\"image.default\">\n\t\t\t\t<div class=\"elementor-widget-container\">\n\t\t\t\t\t\t\t\t\t\t\t\t\t\t\t<img fetchpriority=\"high\" decoding=\"async\" width=\"748\" height=\"518\" src=\"https:\/\/alphaelectronics.eu\/wp-content\/uploads\/2021\/03\/Screenshot-2021-03-20-at-22.51.25.png\" class=\"attachment-large size-large wp-image-1482\" alt=\"\" srcset=\"https:\/\/alphaelectronics.eu\/wp-content\/uploads\/2021\/03\/Screenshot-2021-03-20-at-22.51.25.png 748w, https:\/\/alphaelectronics.eu\/wp-content\/uploads\/2021\/03\/Screenshot-2021-03-20-at-22.51.25-300x208.png 300w, https:\/\/alphaelectronics.eu\/wp-content\/uploads\/2021\/03\/Screenshot-2021-03-20-at-22.51.25-600x416.png 600w, https:\/\/alphaelectronics.eu\/wp-content\/uploads\/2021\/03\/Screenshot-2021-03-20-at-22.51.25-16x12.png 16w\" sizes=\"(max-width: 748px) 100vw, 748px\" \/>\t\t\t\t\t\t\t\t\t\t\t\t\t\t\t<\/div>\n\t\t\t\t<\/div>\n\t\t\t\t\t<\/div>\n\t\t<\/div>\n\t\t\t\t<div class=\"elementor-column elementor-col-50 elementor-top-column elementor-element elementor-element-c74e2d5\" data-id=\"c74e2d5\" data-element_type=\"column\">\n\t\t\t<div class=\"elementor-widget-wrap elementor-element-populated\">\n\t\t\t\t\t\t<div class=\"elementor-element elementor-element-4b7d578 elementor-widget elementor-widget-text-editor\" data-id=\"4b7d578\" data-element_type=\"widget\" data-widget_type=\"text-editor.default\">\n\t\t\t\t<div class=\"elementor-widget-container\">\n\t\t\t\t\t\t\t\t\t<p><span style=\"font-weight: 400;\">Ispravljanje kose je lak zadatak kada imate Alpha prese za kosu koje vam stavljaju na raspolaganje sve prednosti inovativnih tehnologija poput plutaju\u0107ih plo\u010da i keratinske obloge, kao i veliki broj pode\u0161avanja. <\/span><\/p><p><span style=\"font-weight: 400;\">Ove prese prilagodljive su svim tipovima kose \u2013 od tanke i osetljive do kovrd\u017eave i zahtevne za stilizovanje, uz opcije za\u0161tite kose od o\u0161te\u0107enja i mogu\u0107nosti preciznog pode\u0161avanja temperature.<\/span><\/p>\t\t\t\t\t\t\t\t<\/div>\n\t\t\t\t<\/div>\n\t\t\t\t\t<\/div>\n\t\t<\/div>\n\t\t\t\t\t<\/div>\n\t\t<\/section>\n\t\t\t\t<\/div>","protected":false},"excerpt":{"rendered":"<p>Beauty salon in your home with Alpha appliances: hairdryers, trimmers, curling irons and hair straighteners Modern lifestyle requires everyday planning and balancing between professional and private life, and it spawned the concept of self-care. It became a necessity to find time for ourselves despite of constant busyness, and to make beneficial effect on our well [&hellip;]<\/p>","protected":false},"author":2,"featured_media":0,"parent":0,"menu_order":0,"comment_status":"closed","ping_status":"closed","template":"","meta":{"footnotes":""},"class_list":["post-52","page","type-page","status-publish","hentry"],"yoast_head":"<!-- This site is optimized with the Yoast SEO plugin v26.3 - https:\/\/yoast.com\/wordpress\/plugins\/seo\/ -->\n<title>Hair straighteners - Alpha Electronics<\/title>\n<meta name=\"robots\" content=\"index, follow, max-snippet:-1, max-image-preview:large, max-video-preview:-1\" \/>\n<link rel=\"canonical\" href=\"https:\/\/alphaelectronics.eu\/sr\/hair-straighteners\/\" \/>\n<meta property=\"og:locale\" content=\"sr_RS\" \/>\n<meta property=\"og:type\" content=\"article\" \/>\n<meta property=\"og:title\" content=\"Hair straighteners - Alpha Electronics\" \/>\n<meta property=\"og:description\" content=\"Beauty salon in your home with Alpha appliances: hairdryers, trimmers, curling irons and hair straighteners Modern lifestyle requires everyday planning and balancing between professional and private life, and it spawned the concept of self-care. It became a necessity to find time for ourselves despite of constant busyness, and to make beneficial effect on our well [&hellip;]\" \/>\n<meta property=\"og:url\" content=\"https:\/\/alphaelectronics.eu\/sr\/hair-straighteners\/\" \/>\n<meta property=\"og:site_name\" content=\"Alpha Electronics\" \/>\n<meta property=\"article:modified_time\" content=\"2023-10-19T14:18:47+00:00\" \/>\n<meta property=\"og:image\" content=\"https:\/\/alphaelectronics.eu\/wp-content\/uploads\/2021\/03\/611.jpg\" \/>\n<meta name=\"twitter:card\" content=\"summary_large_image\" \/>\n<meta name=\"twitter:label1\" content=\"\u041f\u0440\u043e\u0446\u0435\u045a\u0435\u043d\u043e \u0432\u0440\u0435\u043c\u0435 \u0447\u0438\u0442\u0430\u045a\u0430\" \/>\n\t<meta name=\"twitter:data1\" content=\"2 \u043c\u0438\u043d\u0443\u0442\u0430\" \/>\n<script type=\"application\/ld+json\" class=\"yoast-schema-graph\">{\"@context\":\"https:\/\/schema.org\",\"@graph\":[{\"@type\":\"WebPage\",\"@id\":\"https:\/\/alphaelectronics.eu\/en\/hair-straighteners\/\",\"url\":\"https:\/\/alphaelectronics.eu\/en\/hair-straighteners\/\",\"name\":\"Hair straighteners - Alpha Electronics\",\"isPartOf\":{\"@id\":\"https:\/\/alphaelectronics.eu\/#website\"},\"primaryImageOfPage\":{\"@id\":\"https:\/\/alphaelectronics.eu\/en\/hair-straighteners\/#primaryimage\"},\"image\":{\"@id\":\"https:\/\/alphaelectronics.eu\/en\/hair-straighteners\/#primaryimage\"},\"thumbnailUrl\":\"https:\/\/alphaelectronics.eu\/wp-content\/uploads\/2021\/03\/611.jpg\",\"datePublished\":\"2021-03-11T21:50:12+00:00\",\"dateModified\":\"2023-10-19T14:18:47+00:00\",\"breadcrumb\":{\"@id\":\"https:\/\/alphaelectronics.eu\/en\/hair-straighteners\/#breadcrumb\"},\"inLanguage\":\"sr-RS\",\"potentialAction\":[{\"@type\":\"ReadAction\",\"target\":[\"https:\/\/alphaelectronics.eu\/en\/hair-straighteners\/\"]}]},{\"@type\":\"ImageObject\",\"inLanguage\":\"sr-RS\",\"@id\":\"https:\/\/alphaelectronics.eu\/en\/hair-straighteners\/#primaryimage\",\"url\":\"https:\/\/alphaelectronics.eu\/wp-content\/uploads\/2021\/03\/611.jpg\",\"contentUrl\":\"https:\/\/alphaelectronics.eu\/wp-content\/uploads\/2021\/03\/611.jpg\"},{\"@type\":\"BreadcrumbList\",\"@id\":\"https:\/\/alphaelectronics.eu\/en\/hair-straighteners\/#breadcrumb\",\"itemListElement\":[{\"@type\":\"ListItem\",\"position\":1,\"name\":\"Home\",\"item\":\"https:\/\/alphaelectronics.eu\/sr\/\"},{\"@type\":\"ListItem\",\"position\":2,\"name\":\"Hair straighteners\"}]},{\"@type\":\"WebSite\",\"@id\":\"https:\/\/alphaelectronics.eu\/#website\",\"url\":\"https:\/\/alphaelectronics.eu\/\",\"name\":\"Alpha Electronics\",\"description\":\"\",\"publisher\":{\"@id\":\"https:\/\/alphaelectronics.eu\/#organization\"},\"potentialAction\":[{\"@type\":\"SearchAction\",\"target\":{\"@type\":\"EntryPoint\",\"urlTemplate\":\"https:\/\/alphaelectronics.eu\/?s={search_term_string}\"},\"query-input\":{\"@type\":\"PropertyValueSpecification\",\"valueRequired\":true,\"valueName\":\"search_term_string\"}}],\"inLanguage\":\"sr-RS\"},{\"@type\":\"Organization\",\"@id\":\"https:\/\/alphaelectronics.eu\/#organization\",\"name\":\"Alpha Electronics\",\"url\":\"https:\/\/alphaelectronics.eu\/\",\"logo\":{\"@type\":\"ImageObject\",\"inLanguage\":\"sr-RS\",\"@id\":\"https:\/\/alphaelectronics.eu\/#\/schema\/logo\/image\/\",\"url\":\"https:\/\/alphaelectronics.eu\/wp-content\/uploads\/2021\/03\/AlfaLogo.png\",\"contentUrl\":\"https:\/\/alphaelectronics.eu\/wp-content\/uploads\/2021\/03\/AlfaLogo.png\",\"width\":152,\"height\":53,\"caption\":\"Alpha Electronics\"},\"image\":{\"@id\":\"https:\/\/alphaelectronics.eu\/#\/schema\/logo\/image\/\"}}]}<\/script>\n<!-- \/ Yoast SEO plugin. -->","yoast_head_json":{"title":"Prese za kosu - Alpha Electronics","robots":{"index":"index","follow":"follow","max-snippet":"max-snippet:-1","max-image-preview":"max-image-preview:large","max-video-preview":"max-video-preview:-1"},"canonical":"https:\/\/alphaelectronics.eu\/sr\/hair-straighteners\/","og_locale":"sr_RS","og_type":"article","og_title":"Hair straighteners - Alpha Electronics","og_description":"Beauty salon in your home with Alpha appliances: hairdryers, trimmers, curling irons and hair straighteners Modern lifestyle requires everyday planning and balancing between professional and private life, and it spawned the concept of self-care. It became a necessity to find time for ourselves despite of constant busyness, and to make beneficial effect on our well [&hellip;]","og_url":"https:\/\/alphaelectronics.eu\/sr\/hair-straighteners\/","og_site_name":"Alpha Electronics","article_modified_time":"2023-10-19T14:18:47+00:00","og_image":[{"url":"https:\/\/alphaelectronics.eu\/wp-content\/uploads\/2021\/03\/611.jpg","type":"","width":"","height":""}],"twitter_card":"summary_large_image","twitter_misc":{"\u041f\u0440\u043e\u0446\u0435\u045a\u0435\u043d\u043e \u0432\u0440\u0435\u043c\u0435 \u0447\u0438\u0442\u0430\u045a\u0430":"2 \u043c\u0438\u043d\u0443\u0442\u0430"},"schema":{"@context":"https:\/\/schema.org","@graph":[{"@type":"WebPage","@id":"https:\/\/alphaelectronics.eu\/en\/hair-straighteners\/","url":"https:\/\/alphaelectronics.eu\/en\/hair-straighteners\/","name":"Prese za kosu - Alpha Electronics","isPartOf":{"@id":"https:\/\/alphaelectronics.eu\/#website"},"primaryImageOfPage":{"@id":"https:\/\/alphaelectronics.eu\/en\/hair-straighteners\/#primaryimage"},"image":{"@id":"https:\/\/alphaelectronics.eu\/en\/hair-straighteners\/#primaryimage"},"thumbnailUrl":"https:\/\/alphaelectronics.eu\/wp-content\/uploads\/2021\/03\/611.jpg","datePublished":"2021-03-11T21:50:12+00:00","dateModified":"2023-10-19T14:18:47+00:00","breadcrumb":{"@id":"https:\/\/alphaelectronics.eu\/en\/hair-straighteners\/#breadcrumb"},"inLanguage":"sr-RS","potentialAction":[{"@type":"ReadAction","target":["https:\/\/alphaelectronics.eu\/en\/hair-straighteners\/"]}]},{"@type":"ImageObject","inLanguage":"sr-RS","@id":"https:\/\/alphaelectronics.eu\/en\/hair-straighteners\/#primaryimage","url":"https:\/\/alphaelectronics.eu\/wp-content\/uploads\/2021\/03\/611.jpg","contentUrl":"https:\/\/alphaelectronics.eu\/wp-content\/uploads\/2021\/03\/611.jpg"},{"@type":"BreadcrumbList","@id":"https:\/\/alphaelectronics.eu\/en\/hair-straighteners\/#breadcrumb","itemListElement":[{"@type":"ListItem","position":1,"name":"Home","item":"https:\/\/alphaelectronics.eu\/sr\/"},{"@type":"ListItem","position":2,"name":"Hair straighteners"}]},{"@type":"WebSite","@id":"https:\/\/alphaelectronics.eu\/#website","url":"https:\/\/alphaelectronics.eu\/","name":"Alpha Electronics","description":"","publisher":{"@id":"https:\/\/alphaelectronics.eu\/#organization"},"potentialAction":[{"@type":"SearchAction","target":{"@type":"EntryPoint","urlTemplate":"https:\/\/alphaelectronics.eu\/?s={search_term_string}"},"query-input":{"@type":"PropertyValueSpecification","valueRequired":true,"valueName":"search_term_string"}}],"inLanguage":"sr-RS"},{"@type":"Organization","@id":"https:\/\/alphaelectronics.eu\/#organization","name":"Alpha Electronics","url":"https:\/\/alphaelectronics.eu\/","logo":{"@type":"ImageObject","inLanguage":"sr-RS","@id":"https:\/\/alphaelectronics.eu\/#\/schema\/logo\/image\/","url":"https:\/\/alphaelectronics.eu\/wp-content\/uploads\/2021\/03\/AlfaLogo.png","contentUrl":"https:\/\/alphaelectronics.eu\/wp-content\/uploads\/2021\/03\/AlfaLogo.png","width":152,"height":53,"caption":"Alpha Electronics"},"image":{"@id":"https:\/\/alphaelectronics.eu\/#\/schema\/logo\/image\/"}}]}},"_links":{"self":[{"href":"https:\/\/alphaelectronics.eu\/sr\/wp-json\/wp\/v2\/pages\/52","targetHints":{"allow":["GET"]}}],"collection":[{"href":"https:\/\/alphaelectronics.eu\/sr\/wp-json\/wp\/v2\/pages"}],"about":[{"href":"https:\/\/alphaelectronics.eu\/sr\/wp-json\/wp\/v2\/types\/page"}],"author":[{"embeddable":true,"href":"https:\/\/alphaelectronics.eu\/sr\/wp-json\/wp\/v2\/users\/2"}],"replies":[{"embeddable":true,"href":"https:\/\/alphaelectronics.eu\/sr\/wp-json\/wp\/v2\/comments?post=52"}],"version-history":[{"count":21,"href":"https:\/\/alphaelectronics.eu\/sr\/wp-json\/wp\/v2\/pages\/52\/revisions"}],"predecessor-version":[{"id":8399,"href":"https:\/\/alphaelectronics.eu\/sr\/wp-json\/wp\/v2\/pages\/52\/revisions\/8399"}],"wp:attachment":[{"href":"https:\/\/alphaelectronics.eu\/sr\/wp-json\/wp\/v2\/media?parent=52"}],"curies":[{"name":"wp","href":"https:\/\/api.w.org\/{rel}","templated":true}]}}