{"id":50,"date":"2021-03-11T21:50:01","date_gmt":"2021-03-11T21:50:01","guid":{"rendered":"http:\/\/alphaelectronicstesting.plutonium.rs\/?page_id=50"},"modified":"2021-08-18T20:43:57","modified_gmt":"2021-08-18T20:43:57","slug":"curling-irons","status":"publish","type":"page","link":"https:\/\/alphaelectronics.eu\/sr\/curling-irons\/","title":{"rendered":"Stajleri za kosu"},"content":{"rendered":"<div data-elementor-type=\"wp-page\" data-elementor-id=\"50\" class=\"elementor elementor-50\" data-elementor-post-type=\"page\">\n\t\t\t\t\t\t<section class=\"elementor-section elementor-top-section elementor-element elementor-element-cbef7c5 elementor-section-full_width elementor-hidden-phone elementor-section-height-default elementor-section-height-default\" data-id=\"cbef7c5\" data-element_type=\"section\">\n\t\t\t\t\t\t<div class=\"elementor-container elementor-column-gap-default\">\n\t\t\t\t\t<div class=\"elementor-column elementor-col-100 elementor-top-column elementor-element elementor-element-ca3797e\" data-id=\"ca3797e\" data-element_type=\"column\">\n\t\t\t<div class=\"elementor-widget-wrap elementor-element-populated\">\n\t\t\t\t\t\t<div class=\"elementor-element elementor-element-37fc9cf elementor-widget elementor-widget-image\" data-id=\"37fc9cf\" data-element_type=\"widget\" data-widget_type=\"image.default\">\n\t\t\t\t<div class=\"elementor-widget-container\">\n\t\t\t\t\t\t\t\t\t\t\t\t\t\t\t<img fetchpriority=\"high\" decoding=\"async\" width=\"1920\" height=\"512\" src=\"https:\/\/alphaelectronics.eu\/wp-content\/uploads\/2021\/05\/baner-stajleri-en.jpg\" class=\"attachment-2048x2048 size-2048x2048 wp-image-4372\" alt=\"\" srcset=\"https:\/\/alphaelectronics.eu\/wp-content\/uploads\/2021\/05\/baner-stajleri-en.jpg 1920w, https:\/\/alphaelectronics.eu\/wp-content\/uploads\/2021\/05\/baner-stajleri-en-300x80.jpg 300w, https:\/\/alphaelectronics.eu\/wp-content\/uploads\/2021\/05\/baner-stajleri-en-900x240.jpg 900w, https:\/\/alphaelectronics.eu\/wp-content\/uploads\/2021\/05\/baner-stajleri-en-1024x273.jpg 1024w, https:\/\/alphaelectronics.eu\/wp-content\/uploads\/2021\/05\/baner-stajleri-en-768x205.jpg 768w, https:\/\/alphaelectronics.eu\/wp-content\/uploads\/2021\/05\/baner-stajleri-en-1536x410.jpg 1536w, https:\/\/alphaelectronics.eu\/wp-content\/uploads\/2021\/05\/baner-stajleri-en-16x4.jpg 16w\" sizes=\"(max-width: 1920px) 100vw, 1920px\" \/>\t\t\t\t\t\t\t\t\t\t\t\t\t\t\t<\/div>\n\t\t\t\t<\/div>\n\t\t\t\t\t<\/div>\n\t\t<\/div>\n\t\t\t\t\t<\/div>\n\t\t<\/section>\n\t\t\t\t<section class=\"elementor-section elementor-top-section elementor-element elementor-element-0953f38 elementor-section-full_width elementor-section-height-min-height elementor-hidden-desktop elementor-hidden-tablet elementor-section-height-default elementor-section-items-middle\" data-id=\"0953f38\" data-element_type=\"section\" data-settings=\"{&quot;background_background&quot;:&quot;classic&quot;}\">\n\t\t\t\t\t\t<div class=\"elementor-container elementor-column-gap-default\">\n\t\t\t\t\t<div class=\"elementor-column elementor-col-100 elementor-top-column elementor-element elementor-element-329bdba\" data-id=\"329bdba\" data-element_type=\"column\">\n\t\t\t<div class=\"elementor-widget-wrap\">\n\t\t\t\t\t\t\t<\/div>\n\t\t<\/div>\n\t\t\t\t\t<\/div>\n\t\t<\/section>\n\t\t\t\t<section class=\"elementor-section elementor-top-section elementor-element elementor-element-537a3e9 elementor-section-boxed elementor-section-height-default elementor-section-height-default\" data-id=\"537a3e9\" data-element_type=\"section\">\n\t\t\t\t\t\t<div class=\"elementor-container elementor-column-gap-default\">\n\t\t\t\t\t<div class=\"elementor-column elementor-col-100 elementor-top-column elementor-element elementor-element-a7b3769\" data-id=\"a7b3769\" data-element_type=\"column\">\n\t\t\t<div class=\"elementor-widget-wrap elementor-element-populated\">\n\t\t\t\t\t\t<div class=\"elementor-element elementor-element-c7c2a35 elementor-hidden-desktop elementor-hidden-tablet elementor-widget elementor-widget-heading\" data-id=\"c7c2a35\" data-element_type=\"widget\" data-widget_type=\"heading.default\">\n\t\t\t\t<div class=\"elementor-widget-container\">\n\t\t\t\t\t<h2 class=\"elementor-heading-title elementor-size-default\">Alpha electronics stajleri za kosu<\/h2>\t\t\t\t<\/div>\n\t\t\t\t<\/div>\n\t\t\t\t<div class=\"elementor-element elementor-element-7b109b9 elementor-hidden-desktop elementor-hidden-tablet elementor-widget elementor-widget-heading\" data-id=\"7b109b9\" data-element_type=\"widget\" data-widget_type=\"heading.default\">\n\t\t\t\t<div class=\"elementor-widget-container\">\n\t\t\t\t\t<h2 class=\"elementor-heading-title elementor-size-default\">Lonke kakve ste oduvek \u017eeleli<\/h2>\t\t\t\t<\/div>\n\t\t\t\t<\/div>\n\t\t\t\t<div class=\"elementor-element elementor-element-75045cd elementor-widget elementor-widget-heading\" data-id=\"75045cd\" data-element_type=\"widget\" data-widget_type=\"heading.default\">\n\t\t\t\t<div class=\"elementor-widget-container\">\n\t\t\t\t\t<p class=\"elementor-heading-title elementor-size-default\">Salon lepote u va\u0161em domu uz Alpha ure\u0111aje <br>fenove, trimere, stajlere i prese za kosu<\/p>\t\t\t\t<\/div>\n\t\t\t\t<\/div>\n\t\t\t\t<div class=\"elementor-element elementor-element-c90cd23 tekstiic elementor-widget elementor-widget-text-editor\" data-id=\"c90cd23\" data-element_type=\"widget\" data-widget_type=\"text-editor.default\">\n\t\t\t\t<div class=\"elementor-widget-container\">\n\t\t\t\t\t\t\t\t\tSavremeni na\u010din \u017eivota koji zahteva svakodnevno planiranje obaveza i balansiranje izme\u0111u poslovnog i privatnog \u017eivota iznedrio je koncept brige o sebi kao neophodnost da uprkos zauzetosti prona\u0111emo vreme koje \u0107emo posvetiti sebi, a koje \u0107e imati blagotvoran efekat na na\u0161e mentalno i op\u0161te zdravlje.<br><br>\nOrganizacija vremena, obaveza i poslova na dnevnom nivou dobija sasvim novi prizvuk kada iz svog plana mo\u017eete da isklju\u010dite redovan odlazak kod frizera, jer uz Alpha ure\u0111aje za negu i lepotu, dame mogu stilizovanje kose obaviti i same u svom domu, a mu\u0161karci biti sopstveni frizeri i berberini.Predstavljamo vam ure\u0111aje za negu i lepotu koji vam donose lako\u0107u kori\u0161\u0107enja, visoku efikasnost i profesionalne rezultate zahvaljuju\u0107i ergonomskom dizajnu i naprednim funkcijama zasnovanim na primeni inovativnih vrhunskih tehnologija.\t\t\t\t\t\t\t\t<\/div>\n\t\t\t\t<\/div>\n\t\t\t\t<div class=\"elementor-element elementor-element-9b3f784 elementor-widget elementor-widget-heading\" data-id=\"9b3f784\" data-element_type=\"widget\" data-widget_type=\"heading.default\">\n\t\t\t\t<div class=\"elementor-widget-container\">\n\t\t\t\t\t<h1 class=\"elementor-heading-title elementor-size-default\">Alpha electronics hair stylers<\/h1>\t\t\t\t<\/div>\n\t\t\t\t<\/div>\n\t\t\t\t\t<\/div>\n\t\t<\/div>\n\t\t\t\t\t<\/div>\n\t\t<\/section>\n\t\t\t\t<section class=\"elementor-section elementor-top-section elementor-element elementor-element-674c046 elementor-section-boxed elementor-section-height-default elementor-section-height-default\" data-id=\"674c046\" data-element_type=\"section\">\n\t\t\t\t\t\t<div class=\"elementor-container elementor-column-gap-default\">\n\t\t\t\t\t<div class=\"elementor-column elementor-col-20 elementor-top-column elementor-element elementor-element-6df1e18\" data-id=\"6df1e18\" data-element_type=\"column\">\n\t\t\t<div class=\"elementor-widget-wrap elementor-element-populated\">\n\t\t\t\t\t\t<div class=\"elementor-element elementor-element-c3371f1 elementor-widget elementor-widget-image\" data-id=\"c3371f1\" data-element_type=\"widget\" data-widget_type=\"image.default\">\n\t\t\t\t<div class=\"elementor-widget-container\">\n\t\t\t\t\t\t\t\t\t\t\t\t\t\t\t<img decoding=\"async\" width=\"266\" height=\"182\" src=\"https:\/\/alphaelectronics.eu\/wp-content\/uploads\/2021\/03\/720A.jpg\" class=\"attachment-large size-large wp-image-1582\" alt=\"\" srcset=\"https:\/\/alphaelectronics.eu\/wp-content\/uploads\/2021\/03\/720A.jpg 266w, https:\/\/alphaelectronics.eu\/wp-content\/uploads\/2021\/03\/720A-16x12.jpg 16w\" sizes=\"(max-width: 266px) 100vw, 266px\" \/>\t\t\t\t\t\t\t\t\t\t\t\t\t\t\t<\/div>\n\t\t\t\t<\/div>\n\t\t\t\t<div class=\"elementor-element elementor-element-3dacf71 elementor-widget elementor-widget-heading\" data-id=\"3dacf71\" data-element_type=\"widget\" data-widget_type=\"heading.default\">\n\t\t\t\t<div class=\"elementor-widget-container\">\n\t\t\t\t\t<h2 class=\"elementor-heading-title elementor-size-default\">Alpha AHC720A<\/h2>\t\t\t\t<\/div>\n\t\t\t\t<\/div>\n\t\t\t\t<div class=\"elementor-element elementor-element-9f8fd8c elementor-align-center elementor-widget elementor-widget-button\" data-id=\"9f8fd8c\" data-element_type=\"widget\" data-widget_type=\"button.default\">\n\t\t\t\t<div class=\"elementor-widget-container\">\n\t\t\t\t\t\t\t\t\t<div class=\"elementor-button-wrapper\">\n\t\t\t\t\t<a class=\"elementor-button elementor-button-link elementor-size-sm\" href=\"https:\/\/alphaelectronics.eu\/sr\/p\/alpha-silk-ahc720a-sb\/\">\n\t\t\t\t\t\t<span class=\"elementor-button-content-wrapper\">\n\t\t\t\t\t\t\t\t\t<span class=\"elementor-button-text\">Saznaj vi\u0161e<\/span>\n\t\t\t\t\t<\/span>\n\t\t\t\t\t<\/a>\n\t\t\t\t<\/div>\n\t\t\t\t\t\t\t\t<\/div>\n\t\t\t\t<\/div>\n\t\t\t\t\t<\/div>\n\t\t<\/div>\n\t\t\t\t<div class=\"elementor-column elementor-col-20 elementor-top-column elementor-element elementor-element-81b3567\" data-id=\"81b3567\" data-element_type=\"column\">\n\t\t\t<div class=\"elementor-widget-wrap elementor-element-populated\">\n\t\t\t\t\t\t<div class=\"elementor-element elementor-element-8b600ab elementor-widget elementor-widget-image\" data-id=\"8b600ab\" data-element_type=\"widget\" data-widget_type=\"image.default\">\n\t\t\t\t<div class=\"elementor-widget-container\">\n\t\t\t\t\t\t\t\t\t\t\t\t\t\t\t<img decoding=\"async\" width=\"266\" height=\"182\" src=\"https:\/\/alphaelectronics.eu\/wp-content\/uploads\/2021\/03\/720C.jpg\" class=\"attachment-large size-large wp-image-1583\" alt=\"\" srcset=\"https:\/\/alphaelectronics.eu\/wp-content\/uploads\/2021\/03\/720C.jpg 266w, https:\/\/alphaelectronics.eu\/wp-content\/uploads\/2021\/03\/720C-16x12.jpg 16w\" sizes=\"(max-width: 266px) 100vw, 266px\" \/>\t\t\t\t\t\t\t\t\t\t\t\t\t\t\t<\/div>\n\t\t\t\t<\/div>\n\t\t\t\t<div class=\"elementor-element elementor-element-0bf6e60 elementor-widget elementor-widget-heading\" data-id=\"0bf6e60\" data-element_type=\"widget\" data-widget_type=\"heading.default\">\n\t\t\t\t<div class=\"elementor-widget-container\">\n\t\t\t\t\t<h2 class=\"elementor-heading-title elementor-size-default\">Alpha AHC720C<\/h2>\t\t\t\t<\/div>\n\t\t\t\t<\/div>\n\t\t\t\t<div class=\"elementor-element elementor-element-9094ac2 elementor-align-center elementor-widget elementor-widget-button\" data-id=\"9094ac2\" data-element_type=\"widget\" data-widget_type=\"button.default\">\n\t\t\t\t<div class=\"elementor-widget-container\">\n\t\t\t\t\t\t\t\t\t<div class=\"elementor-button-wrapper\">\n\t\t\t\t\t<a class=\"elementor-button elementor-button-link elementor-size-sm\" href=\"https:\/\/alphaelectronics.eu\/sr\/p\/alpha-infinite-wave-ahc720c\/\">\n\t\t\t\t\t\t<span class=\"elementor-button-content-wrapper\">\n\t\t\t\t\t\t\t\t\t<span class=\"elementor-button-text\">Saznaj vi\u0161e<\/span>\n\t\t\t\t\t<\/span>\n\t\t\t\t\t<\/a>\n\t\t\t\t<\/div>\n\t\t\t\t\t\t\t\t<\/div>\n\t\t\t\t<\/div>\n\t\t\t\t\t<\/div>\n\t\t<\/div>\n\t\t\t\t<div class=\"elementor-column elementor-col-20 elementor-top-column elementor-element elementor-element-390b2b1\" data-id=\"390b2b1\" data-element_type=\"column\">\n\t\t\t<div class=\"elementor-widget-wrap\">\n\t\t\t\t\t\t\t<\/div>\n\t\t<\/div>\n\t\t\t\t<div class=\"elementor-column elementor-col-20 elementor-top-column elementor-element elementor-element-3d7e09b\" data-id=\"3d7e09b\" data-element_type=\"column\">\n\t\t\t<div class=\"elementor-widget-wrap\">\n\t\t\t\t\t\t\t<\/div>\n\t\t<\/div>\n\t\t\t\t<div class=\"elementor-column elementor-col-20 elementor-top-column elementor-element elementor-element-709fc6e\" data-id=\"709fc6e\" data-element_type=\"column\">\n\t\t\t<div class=\"elementor-widget-wrap\">\n\t\t\t\t\t\t\t<\/div>\n\t\t<\/div>\n\t\t\t\t\t<\/div>\n\t\t<\/section>\n\t\t\t\t<section class=\"elementor-section elementor-top-section elementor-element elementor-element-967f6e6 elementor-section-height-min-height elementor-section-boxed elementor-section-height-default elementor-section-items-middle\" data-id=\"967f6e6\" data-element_type=\"section\" data-settings=\"{&quot;background_background&quot;:&quot;classic&quot;}\">\n\t\t\t\t\t\t<div class=\"elementor-container elementor-column-gap-default\">\n\t\t\t\t\t<div class=\"elementor-column elementor-col-50 elementor-top-column elementor-element elementor-element-368c6db\" data-id=\"368c6db\" data-element_type=\"column\">\n\t\t\t<div class=\"elementor-widget-wrap elementor-element-populated\">\n\t\t\t\t\t\t<div class=\"elementor-element elementor-element-71c9cd1 elementor-widget elementor-widget-image\" data-id=\"71c9cd1\" data-element_type=\"widget\" data-widget_type=\"image.default\">\n\t\t\t\t<div class=\"elementor-widget-container\">\n\t\t\t\t\t\t\t\t\t\t\t\t\t\t\t<img decoding=\"async\" src=\"https:\/\/alphaelectronics.eu\/wp-content\/uploads\/2021\/03\/AHC720C-lifestyle-1-1.jpg\" title=\"AHC720C-lifestyle (1)\" alt=\"AHC720C-lifestyle (1)\" loading=\"lazy\" \/>\t\t\t\t\t\t\t\t\t\t\t\t\t\t\t<\/div>\n\t\t\t\t<\/div>\n\t\t\t\t\t<\/div>\n\t\t<\/div>\n\t\t\t\t<div class=\"elementor-column elementor-col-50 elementor-top-column elementor-element elementor-element-af0b6d0\" data-id=\"af0b6d0\" data-element_type=\"column\">\n\t\t\t<div class=\"elementor-widget-wrap elementor-element-populated\">\n\t\t\t\t\t\t<div class=\"elementor-element elementor-element-1a4bc31 elementor-widget elementor-widget-text-editor\" data-id=\"1a4bc31\" data-element_type=\"widget\" data-widget_type=\"text-editor.default\">\n\t\t\t\t<div class=\"elementor-widget-container\">\n\t\t\t\t\t\t\t\t\t<p>Opu\u0161teni talasi ili definisane sitne kovrd\u017ee \u2013 izbor je na vama jer Alpha stajleri za kosu objedinjuju razli\u010dite mogu\u0107nosti upotrebe, kao i primenu savremenih tehnologija i time postaju neizostavni beauty aksesoar svake \u017eene koja voli da bude sama svoj majstor. Prakti\u010dni za kori\u0161\u0107enje i bezbedni za va\u0161u kosu, Alpha stajleri su idealan na\u010din da brzo i bez odlaska kod frizera do\u0111ete do \u017eeljene frizure.<\/p>\t\t\t\t\t\t\t\t<\/div>\n\t\t\t\t<\/div>\n\t\t\t\t\t<\/div>\n\t\t<\/div>\n\t\t\t\t\t<\/div>\n\t\t<\/section>\n\t\t\t\t<\/div>","protected":false},"excerpt":{"rendered":"<p>Alpha Electronics Curling Irons Locks you&#8217;ve always wanted Beauty salon in your home with Alpha appliances: hairdryers, trimmers, curling irons and hair straighteners Modern lifestyle requires everyday planning and balancing between professional and private life, and it spawned the concept of self-care. It became a necessity to find time for ourselves despite of constant busyness, [&hellip;]<\/p>","protected":false},"author":2,"featured_media":0,"parent":0,"menu_order":0,"comment_status":"closed","ping_status":"closed","template":"","meta":{"footnotes":""},"class_list":["post-50","page","type-page","status-publish","hentry"],"yoast_head":"<!-- This site is optimized with the Yoast SEO plugin v26.3 - https:\/\/yoast.com\/wordpress\/plugins\/seo\/ -->\n<title>Curling irons - Alpha Electronics<\/title>\n<meta name=\"robots\" content=\"index, follow, max-snippet:-1, max-image-preview:large, max-video-preview:-1\" \/>\n<link rel=\"canonical\" href=\"https:\/\/alphaelectronics.eu\/sr\/curling-irons\/\" \/>\n<meta property=\"og:locale\" content=\"sr_RS\" \/>\n<meta property=\"og:type\" content=\"article\" \/>\n<meta property=\"og:title\" content=\"Curling irons - Alpha Electronics\" \/>\n<meta property=\"og:description\" content=\"Alpha Electronics Curling Irons Locks you&#8217;ve always wanted Beauty salon in your home with Alpha appliances: hairdryers, trimmers, curling irons and hair straighteners Modern lifestyle requires everyday planning and balancing between professional and private life, and it spawned the concept of self-care. It became a necessity to find time for ourselves despite of constant busyness, [&hellip;]\" \/>\n<meta property=\"og:url\" content=\"https:\/\/alphaelectronics.eu\/sr\/curling-irons\/\" \/>\n<meta property=\"og:site_name\" content=\"Alpha Electronics\" \/>\n<meta property=\"article:modified_time\" content=\"2021-08-18T20:43:57+00:00\" \/>\n<meta property=\"og:image\" content=\"https:\/\/alphaelectronics.eu\/wp-content\/uploads\/2021\/05\/baner-stajleri-en.jpg\" \/>\n<meta name=\"twitter:card\" content=\"summary_large_image\" \/>\n<meta name=\"twitter:label1\" content=\"\u041f\u0440\u043e\u0446\u0435\u045a\u0435\u043d\u043e \u0432\u0440\u0435\u043c\u0435 \u0447\u0438\u0442\u0430\u045a\u0430\" \/>\n\t<meta name=\"twitter:data1\" content=\"1 \u043c\u0438\u043d\u0443\u0442\" \/>\n<script type=\"application\/ld+json\" class=\"yoast-schema-graph\">{\"@context\":\"https:\/\/schema.org\",\"@graph\":[{\"@type\":\"WebPage\",\"@id\":\"https:\/\/alphaelectronics.eu\/en\/curling-irons\/\",\"url\":\"https:\/\/alphaelectronics.eu\/en\/curling-irons\/\",\"name\":\"Curling irons - Alpha Electronics\",\"isPartOf\":{\"@id\":\"https:\/\/alphaelectronics.eu\/#website\"},\"primaryImageOfPage\":{\"@id\":\"https:\/\/alphaelectronics.eu\/en\/curling-irons\/#primaryimage\"},\"image\":{\"@id\":\"https:\/\/alphaelectronics.eu\/en\/curling-irons\/#primaryimage\"},\"thumbnailUrl\":\"https:\/\/alphaelectronics.eu\/wp-content\/uploads\/2021\/05\/baner-stajleri-en.jpg\",\"datePublished\":\"2021-03-11T21:50:01+00:00\",\"dateModified\":\"2021-08-18T20:43:57+00:00\",\"breadcrumb\":{\"@id\":\"https:\/\/alphaelectronics.eu\/en\/curling-irons\/#breadcrumb\"},\"inLanguage\":\"sr-RS\",\"potentialAction\":[{\"@type\":\"ReadAction\",\"target\":[\"https:\/\/alphaelectronics.eu\/en\/curling-irons\/\"]}]},{\"@type\":\"ImageObject\",\"inLanguage\":\"sr-RS\",\"@id\":\"https:\/\/alphaelectronics.eu\/en\/curling-irons\/#primaryimage\",\"url\":\"https:\/\/alphaelectronics.eu\/wp-content\/uploads\/2021\/05\/baner-stajleri-en.jpg\",\"contentUrl\":\"https:\/\/alphaelectronics.eu\/wp-content\/uploads\/2021\/05\/baner-stajleri-en.jpg\"},{\"@type\":\"BreadcrumbList\",\"@id\":\"https:\/\/alphaelectronics.eu\/en\/curling-irons\/#breadcrumb\",\"itemListElement\":[{\"@type\":\"ListItem\",\"position\":1,\"name\":\"Home\",\"item\":\"https:\/\/alphaelectronics.eu\/sr\/\"},{\"@type\":\"ListItem\",\"position\":2,\"name\":\"Curling irons\"}]},{\"@type\":\"WebSite\",\"@id\":\"https:\/\/alphaelectronics.eu\/#website\",\"url\":\"https:\/\/alphaelectronics.eu\/\",\"name\":\"Alpha Electronics\",\"description\":\"\",\"publisher\":{\"@id\":\"https:\/\/alphaelectronics.eu\/#organization\"},\"potentialAction\":[{\"@type\":\"SearchAction\",\"target\":{\"@type\":\"EntryPoint\",\"urlTemplate\":\"https:\/\/alphaelectronics.eu\/?s={search_term_string}\"},\"query-input\":{\"@type\":\"PropertyValueSpecification\",\"valueRequired\":true,\"valueName\":\"search_term_string\"}}],\"inLanguage\":\"sr-RS\"},{\"@type\":\"Organization\",\"@id\":\"https:\/\/alphaelectronics.eu\/#organization\",\"name\":\"Alpha Electronics\",\"url\":\"https:\/\/alphaelectronics.eu\/\",\"logo\":{\"@type\":\"ImageObject\",\"inLanguage\":\"sr-RS\",\"@id\":\"https:\/\/alphaelectronics.eu\/#\/schema\/logo\/image\/\",\"url\":\"https:\/\/alphaelectronics.eu\/wp-content\/uploads\/2021\/03\/AlfaLogo.png\",\"contentUrl\":\"https:\/\/alphaelectronics.eu\/wp-content\/uploads\/2021\/03\/AlfaLogo.png\",\"width\":152,\"height\":53,\"caption\":\"Alpha Electronics\"},\"image\":{\"@id\":\"https:\/\/alphaelectronics.eu\/#\/schema\/logo\/image\/\"}}]}<\/script>\n<!-- \/ Yoast SEO plugin. -->","yoast_head_json":{"title":"Stajleri za kosu - Alpha Electronics","robots":{"index":"index","follow":"follow","max-snippet":"max-snippet:-1","max-image-preview":"max-image-preview:large","max-video-preview":"max-video-preview:-1"},"canonical":"https:\/\/alphaelectronics.eu\/sr\/curling-irons\/","og_locale":"sr_RS","og_type":"article","og_title":"Curling irons - Alpha Electronics","og_description":"Alpha Electronics Curling Irons Locks you&#8217;ve always wanted Beauty salon in your home with Alpha appliances: hairdryers, trimmers, curling irons and hair straighteners Modern lifestyle requires everyday planning and balancing between professional and private life, and it spawned the concept of self-care. It became a necessity to find time for ourselves despite of constant busyness, [&hellip;]","og_url":"https:\/\/alphaelectronics.eu\/sr\/curling-irons\/","og_site_name":"Alpha Electronics","article_modified_time":"2021-08-18T20:43:57+00:00","og_image":[{"url":"https:\/\/alphaelectronics.eu\/wp-content\/uploads\/2021\/05\/baner-stajleri-en.jpg","type":"","width":"","height":""}],"twitter_card":"summary_large_image","twitter_misc":{"\u041f\u0440\u043e\u0446\u0435\u045a\u0435\u043d\u043e \u0432\u0440\u0435\u043c\u0435 \u0447\u0438\u0442\u0430\u045a\u0430":"1 \u043c\u0438\u043d\u0443\u0442"},"schema":{"@context":"https:\/\/schema.org","@graph":[{"@type":"WebPage","@id":"https:\/\/alphaelectronics.eu\/en\/curling-irons\/","url":"https:\/\/alphaelectronics.eu\/en\/curling-irons\/","name":"Stajleri za kosu - Alpha Electronics","isPartOf":{"@id":"https:\/\/alphaelectronics.eu\/#website"},"primaryImageOfPage":{"@id":"https:\/\/alphaelectronics.eu\/en\/curling-irons\/#primaryimage"},"image":{"@id":"https:\/\/alphaelectronics.eu\/en\/curling-irons\/#primaryimage"},"thumbnailUrl":"https:\/\/alphaelectronics.eu\/wp-content\/uploads\/2021\/05\/baner-stajleri-en.jpg","datePublished":"2021-03-11T21:50:01+00:00","dateModified":"2021-08-18T20:43:57+00:00","breadcrumb":{"@id":"https:\/\/alphaelectronics.eu\/en\/curling-irons\/#breadcrumb"},"inLanguage":"sr-RS","potentialAction":[{"@type":"ReadAction","target":["https:\/\/alphaelectronics.eu\/en\/curling-irons\/"]}]},{"@type":"ImageObject","inLanguage":"sr-RS","@id":"https:\/\/alphaelectronics.eu\/en\/curling-irons\/#primaryimage","url":"https:\/\/alphaelectronics.eu\/wp-content\/uploads\/2021\/05\/baner-stajleri-en.jpg","contentUrl":"https:\/\/alphaelectronics.eu\/wp-content\/uploads\/2021\/05\/baner-stajleri-en.jpg"},{"@type":"BreadcrumbList","@id":"https:\/\/alphaelectronics.eu\/en\/curling-irons\/#breadcrumb","itemListElement":[{"@type":"ListItem","position":1,"name":"Home","item":"https:\/\/alphaelectronics.eu\/sr\/"},{"@type":"ListItem","position":2,"name":"Curling irons"}]},{"@type":"WebSite","@id":"https:\/\/alphaelectronics.eu\/#website","url":"https:\/\/alphaelectronics.eu\/","name":"Alpha Electronics","description":"","publisher":{"@id":"https:\/\/alphaelectronics.eu\/#organization"},"potentialAction":[{"@type":"SearchAction","target":{"@type":"EntryPoint","urlTemplate":"https:\/\/alphaelectronics.eu\/?s={search_term_string}"},"query-input":{"@type":"PropertyValueSpecification","valueRequired":true,"valueName":"search_term_string"}}],"inLanguage":"sr-RS"},{"@type":"Organization","@id":"https:\/\/alphaelectronics.eu\/#organization","name":"Alpha Electronics","url":"https:\/\/alphaelectronics.eu\/","logo":{"@type":"ImageObject","inLanguage":"sr-RS","@id":"https:\/\/alphaelectronics.eu\/#\/schema\/logo\/image\/","url":"https:\/\/alphaelectronics.eu\/wp-content\/uploads\/2021\/03\/AlfaLogo.png","contentUrl":"https:\/\/alphaelectronics.eu\/wp-content\/uploads\/2021\/03\/AlfaLogo.png","width":152,"height":53,"caption":"Alpha Electronics"},"image":{"@id":"https:\/\/alphaelectronics.eu\/#\/schema\/logo\/image\/"}}]}},"_links":{"self":[{"href":"https:\/\/alphaelectronics.eu\/sr\/wp-json\/wp\/v2\/pages\/50","targetHints":{"allow":["GET"]}}],"collection":[{"href":"https:\/\/alphaelectronics.eu\/sr\/wp-json\/wp\/v2\/pages"}],"about":[{"href":"https:\/\/alphaelectronics.eu\/sr\/wp-json\/wp\/v2\/types\/page"}],"author":[{"embeddable":true,"href":"https:\/\/alphaelectronics.eu\/sr\/wp-json\/wp\/v2\/users\/2"}],"replies":[{"embeddable":true,"href":"https:\/\/alphaelectronics.eu\/sr\/wp-json\/wp\/v2\/comments?post=50"}],"version-history":[{"count":74,"href":"https:\/\/alphaelectronics.eu\/sr\/wp-json\/wp\/v2\/pages\/50\/revisions"}],"predecessor-version":[{"id":4800,"href":"https:\/\/alphaelectronics.eu\/sr\/wp-json\/wp\/v2\/pages\/50\/revisions\/4800"}],"wp:attachment":[{"href":"https:\/\/alphaelectronics.eu\/sr\/wp-json\/wp\/v2\/media?parent=50"}],"curies":[{"name":"wp","href":"https:\/\/api.w.org\/{rel}","templated":true}]}}