{"id":48,"date":"2021-03-11T21:49:54","date_gmt":"2021-03-11T21:49:54","guid":{"rendered":"http:\/\/alphaelectronicstesting.plutonium.rs\/?page_id=48"},"modified":"2021-07-05T11:03:53","modified_gmt":"2021-07-05T11:03:53","slug":"hairdryers","status":"publish","type":"page","link":"https:\/\/alphaelectronics.eu\/sr\/hairdryers\/","title":{"rendered":"Fenovi za kosu"},"content":{"rendered":"<div data-elementor-type=\"wp-page\" data-elementor-id=\"48\" class=\"elementor elementor-48\" data-elementor-post-type=\"page\">\n\t\t\t\t\t\t<section class=\"elementor-section elementor-top-section elementor-element elementor-element-41eae04 elementor-section-full_width elementor-section-height-min-height elementor-section-height-default elementor-section-items-middle\" data-id=\"41eae04\" data-element_type=\"section\" data-settings=\"{&quot;background_background&quot;:&quot;classic&quot;}\">\n\t\t\t\t\t\t<div class=\"elementor-container elementor-column-gap-default\">\n\t\t\t\t\t<div class=\"elementor-column elementor-col-100 elementor-top-column elementor-element elementor-element-277c2d0\" data-id=\"277c2d0\" data-element_type=\"column\">\n\t\t\t<div class=\"elementor-widget-wrap elementor-element-populated\">\n\t\t\t\t\t\t<section class=\"elementor-section elementor-inner-section elementor-element elementor-element-1cc4bdb elementor-section-boxed elementor-section-height-default elementor-section-height-default\" data-id=\"1cc4bdb\" data-element_type=\"section\">\n\t\t\t\t\t\t<div class=\"elementor-container elementor-column-gap-default\">\n\t\t\t\t\t<div class=\"elementor-column elementor-col-50 elementor-inner-column elementor-element elementor-element-e9bd018\" data-id=\"e9bd018\" data-element_type=\"column\">\n\t\t\t<div class=\"elementor-widget-wrap elementor-element-populated\">\n\t\t\t\t\t\t<div class=\"elementor-element elementor-element-b49b849 elementor-widget elementor-widget-heading\" data-id=\"b49b849\" data-element_type=\"widget\" data-widget_type=\"heading.default\">\n\t\t\t\t<div class=\"elementor-widget-container\">\n\t\t\t\t\t<h2 class=\"elementor-heading-title elementor-size-default\">Alpha fenovi za kosu<\/h2>\t\t\t\t<\/div>\n\t\t\t\t<\/div>\n\t\t\t\t<div class=\"elementor-element elementor-element-07a6e30 elementor-widget elementor-widget-heading\" data-id=\"07a6e30\" data-element_type=\"widget\" data-widget_type=\"heading.default\">\n\t\t\t\t<div class=\"elementor-widget-container\">\n\t\t\t\t\t<h2 class=\"elementor-heading-title elementor-size-default\">Sjajna kosa iz prvog poku\u0161aja<\/h2>\t\t\t\t<\/div>\n\t\t\t\t<\/div>\n\t\t\t\t\t<\/div>\n\t\t<\/div>\n\t\t\t\t<div class=\"elementor-column elementor-col-50 elementor-inner-column elementor-element elementor-element-3dd5e7c\" data-id=\"3dd5e7c\" data-element_type=\"column\">\n\t\t\t<div class=\"elementor-widget-wrap\">\n\t\t\t\t\t\t\t<\/div>\n\t\t<\/div>\n\t\t\t\t\t<\/div>\n\t\t<\/section>\n\t\t\t\t\t<\/div>\n\t\t<\/div>\n\t\t\t\t\t<\/div>\n\t\t<\/section>\n\t\t\t\t<section class=\"elementor-section elementor-top-section elementor-element elementor-element-e99f7da elementor-section-boxed elementor-section-height-default elementor-section-height-default\" data-id=\"e99f7da\" data-element_type=\"section\">\n\t\t\t\t\t\t<div class=\"elementor-container elementor-column-gap-default\">\n\t\t\t\t\t<div class=\"elementor-column elementor-col-100 elementor-top-column elementor-element elementor-element-a90a841\" data-id=\"a90a841\" data-element_type=\"column\">\n\t\t\t<div class=\"elementor-widget-wrap elementor-element-populated\">\n\t\t\t\t\t\t<div class=\"elementor-element elementor-element-909420e elementor-widget elementor-widget-heading\" data-id=\"909420e\" data-element_type=\"widget\" data-widget_type=\"heading.default\">\n\t\t\t\t<div class=\"elementor-widget-container\">\n\t\t\t\t\t<h2 class=\"elementor-heading-title elementor-size-default\">Salon lepote u va\u0161em domu uz Alpha ure\u0111aje<\/h2>\t\t\t\t<\/div>\n\t\t\t\t<\/div>\n\t\t\t\t<div class=\"elementor-element elementor-element-63b6c53 elementor-widget elementor-widget-text-editor\" data-id=\"63b6c53\" data-element_type=\"widget\" data-widget_type=\"text-editor.default\">\n\t\t\t\t<div class=\"elementor-widget-container\">\n\t\t\t\t\t\t\t\t\t<p><span style=\"font-weight: 400;\">Savremeni na\u010din \u017eivota koji zahteva svakodnevno planiranje obaveza i balansiranje izme\u0111u poslovnog i privatnog \u017eivota iznedrio je koncept brige o sebi kao neophodnost da uprkos zauzetosti prona\u0111emo vreme koje \u0107emo posvetiti sebi, a koje \u0107e imati blagotvoran efekat na na\u0161e mentalno i op\u0161te zdravlje.<\/span><\/p><p><span style=\"font-weight: 400;\">Organizacija vremena, obaveza i poslova na dnevnom nivou dobija sasvim novi prizvuk kada iz svog plana mo\u017eete da isklju\u010dite redovan odlazak kod frizera, jer uz Alpha ure\u0111aje za negu i lepotu, dame mogu stilizovanje kose obaviti i same u svom domu, a mu\u0161karci biti sopstveni frizeri i berberini.<\/span><\/p><p><span style=\"font-weight: 400;\">Predstavljamo vam ure\u0111aje za negu i lepotu koji vam donose lako\u0107u kori\u0161\u0107enja, visoku efikasnost i profesionalne rezultate zahvaljuju\u0107i ergonomskom dizajnu i naprednim funkcijama zasnovanim na primeni inovativnih vrhunskih tehnologija.\u00a0<\/span><\/p>\t\t\t\t\t\t\t\t<\/div>\n\t\t\t\t<\/div>\n\t\t\t\t<div class=\"elementor-element elementor-element-4a99f28 elementor-widget elementor-widget-heading\" data-id=\"4a99f28\" data-element_type=\"widget\" data-widget_type=\"heading.default\">\n\t\t\t\t<div class=\"elementor-widget-container\">\n\t\t\t\t\t<h2 class=\"elementor-heading-title elementor-size-default\">Alpha fenovi za kosu\n<\/h2>\t\t\t\t<\/div>\n\t\t\t\t<\/div>\n\t\t\t\t\t<\/div>\n\t\t<\/div>\n\t\t\t\t\t<\/div>\n\t\t<\/section>\n\t\t\t\t<section class=\"elementor-section elementor-top-section elementor-element elementor-element-692a95d elementor-section-boxed elementor-section-height-default elementor-section-height-default\" data-id=\"692a95d\" data-element_type=\"section\">\n\t\t\t\t\t\t<div class=\"elementor-container elementor-column-gap-default\">\n\t\t\t\t\t<div class=\"elementor-column elementor-col-25 elementor-top-column elementor-element elementor-element-906350c\" data-id=\"906350c\" data-element_type=\"column\">\n\t\t\t<div class=\"elementor-widget-wrap elementor-element-populated\">\n\t\t\t\t\t\t<div class=\"elementor-element elementor-element-e26291e elementor-widget elementor-widget-image\" data-id=\"e26291e\" data-element_type=\"widget\" data-widget_type=\"image.default\">\n\t\t\t\t<div class=\"elementor-widget-container\">\n\t\t\t\t\t\t\t\t\t\t\t\t\t\t\t<img decoding=\"async\" width=\"266\" height=\"182\" src=\"https:\/\/alphaelectronics.eu\/wp-content\/uploads\/2021\/03\/Ahd530.jpg\" class=\"attachment-medium_large size-medium_large wp-image-1326\" alt=\"\" srcset=\"https:\/\/alphaelectronics.eu\/wp-content\/uploads\/2021\/03\/Ahd530.jpg 266w, https:\/\/alphaelectronics.eu\/wp-content\/uploads\/2021\/03\/Ahd530-16x12.jpg 16w\" sizes=\"(max-width: 266px) 100vw, 266px\" \/>\t\t\t\t\t\t\t\t\t\t\t\t\t\t\t<\/div>\n\t\t\t\t<\/div>\n\t\t\t\t<div class=\"elementor-element elementor-element-ab26abb elementor-widget elementor-widget-heading\" data-id=\"ab26abb\" data-element_type=\"widget\" data-widget_type=\"heading.default\">\n\t\t\t\t<div class=\"elementor-widget-container\">\n\t\t\t\t\t<h2 class=\"elementor-heading-title elementor-size-default\">Alpha AHD530<\/h2>\t\t\t\t<\/div>\n\t\t\t\t<\/div>\n\t\t\t\t<div class=\"elementor-element elementor-element-2741bed elementor-align-center elementor-widget elementor-widget-button\" data-id=\"2741bed\" data-element_type=\"widget\" data-widget_type=\"button.default\">\n\t\t\t\t<div class=\"elementor-widget-container\">\n\t\t\t\t\t\t\t\t\t<div class=\"elementor-button-wrapper\">\n\t\t\t\t\t<a class=\"elementor-button elementor-button-link elementor-size-sm\" href=\"https:\/\/alphaelectronics.eu\/sr\/p\/alpha-ahd530\/\">\n\t\t\t\t\t\t<span class=\"elementor-button-content-wrapper\">\n\t\t\t\t\t\t\t\t\t<span class=\"elementor-button-text\">Saznaj vi\u0161e<\/span>\n\t\t\t\t\t<\/span>\n\t\t\t\t\t<\/a>\n\t\t\t\t<\/div>\n\t\t\t\t\t\t\t\t<\/div>\n\t\t\t\t<\/div>\n\t\t\t\t\t<\/div>\n\t\t<\/div>\n\t\t\t\t<div class=\"elementor-column elementor-col-25 elementor-top-column elementor-element elementor-element-f8a1109\" data-id=\"f8a1109\" data-element_type=\"column\">\n\t\t\t<div class=\"elementor-widget-wrap elementor-element-populated\">\n\t\t\t\t\t\t<div class=\"elementor-element elementor-element-4612cf7 elementor-widget elementor-widget-image\" data-id=\"4612cf7\" data-element_type=\"widget\" data-widget_type=\"image.default\">\n\t\t\t\t<div class=\"elementor-widget-container\">\n\t\t\t\t\t\t\t\t\t\t\t\t\t\t\t<img decoding=\"async\" width=\"266\" height=\"182\" src=\"https:\/\/alphaelectronics.eu\/wp-content\/uploads\/2021\/03\/Ahd556.jpg\" class=\"attachment-medium_large size-medium_large wp-image-1327\" alt=\"\" srcset=\"https:\/\/alphaelectronics.eu\/wp-content\/uploads\/2021\/03\/Ahd556.jpg 266w, https:\/\/alphaelectronics.eu\/wp-content\/uploads\/2021\/03\/Ahd556-16x12.jpg 16w\" sizes=\"(max-width: 266px) 100vw, 266px\" \/>\t\t\t\t\t\t\t\t\t\t\t\t\t\t\t<\/div>\n\t\t\t\t<\/div>\n\t\t\t\t<div class=\"elementor-element elementor-element-1272375 elementor-widget elementor-widget-heading\" data-id=\"1272375\" data-element_type=\"widget\" data-widget_type=\"heading.default\">\n\t\t\t\t<div class=\"elementor-widget-container\">\n\t\t\t\t\t<h2 class=\"elementor-heading-title elementor-size-default\">Alpha AHD556<\/h2>\t\t\t\t<\/div>\n\t\t\t\t<\/div>\n\t\t\t\t<div class=\"elementor-element elementor-element-34fa92c elementor-align-center elementor-widget elementor-widget-button\" data-id=\"34fa92c\" data-element_type=\"widget\" data-widget_type=\"button.default\">\n\t\t\t\t<div class=\"elementor-widget-container\">\n\t\t\t\t\t\t\t\t\t<div class=\"elementor-button-wrapper\">\n\t\t\t\t\t<a class=\"elementor-button elementor-button-link elementor-size-sm\" href=\"https:\/\/alphaelectronics.eu\/sr\/p\/alpha-ahd556\/\">\n\t\t\t\t\t\t<span class=\"elementor-button-content-wrapper\">\n\t\t\t\t\t\t\t\t\t<span class=\"elementor-button-text\">Saznaj vi\u0161e<\/span>\n\t\t\t\t\t<\/span>\n\t\t\t\t\t<\/a>\n\t\t\t\t<\/div>\n\t\t\t\t\t\t\t\t<\/div>\n\t\t\t\t<\/div>\n\t\t\t\t\t<\/div>\n\t\t<\/div>\n\t\t\t\t<div class=\"elementor-column elementor-col-25 elementor-top-column elementor-element elementor-element-a3cf26f\" data-id=\"a3cf26f\" data-element_type=\"column\">\n\t\t\t<div class=\"elementor-widget-wrap elementor-element-populated\">\n\t\t\t\t\t\t<div class=\"elementor-element elementor-element-283cd6e elementor-widget elementor-widget-image\" data-id=\"283cd6e\" data-element_type=\"widget\" data-widget_type=\"image.default\">\n\t\t\t\t<div class=\"elementor-widget-container\">\n\t\t\t\t\t\t\t\t\t\t\t\t\t\t\t<img decoding=\"async\" width=\"266\" height=\"182\" src=\"https:\/\/alphaelectronics.eu\/wp-content\/uploads\/2021\/03\/Ahd559.jpg\" class=\"attachment-medium_large size-medium_large wp-image-1328\" alt=\"\" srcset=\"https:\/\/alphaelectronics.eu\/wp-content\/uploads\/2021\/03\/Ahd559.jpg 266w, https:\/\/alphaelectronics.eu\/wp-content\/uploads\/2021\/03\/Ahd559-16x12.jpg 16w\" sizes=\"(max-width: 266px) 100vw, 266px\" \/>\t\t\t\t\t\t\t\t\t\t\t\t\t\t\t<\/div>\n\t\t\t\t<\/div>\n\t\t\t\t<div class=\"elementor-element elementor-element-9772543 elementor-widget elementor-widget-heading\" data-id=\"9772543\" data-element_type=\"widget\" data-widget_type=\"heading.default\">\n\t\t\t\t<div class=\"elementor-widget-container\">\n\t\t\t\t\t<h2 class=\"elementor-heading-title elementor-size-default\">Alpha AHD559<\/h2>\t\t\t\t<\/div>\n\t\t\t\t<\/div>\n\t\t\t\t<div class=\"elementor-element elementor-element-b7e1ec1 elementor-align-center elementor-widget elementor-widget-button\" data-id=\"b7e1ec1\" data-element_type=\"widget\" data-widget_type=\"button.default\">\n\t\t\t\t<div class=\"elementor-widget-container\">\n\t\t\t\t\t\t\t\t\t<div class=\"elementor-button-wrapper\">\n\t\t\t\t\t<a class=\"elementor-button elementor-button-link elementor-size-sm\" href=\"https:\/\/alphaelectronics.eu\/sr\/p\/alpha-ahd559\/\">\n\t\t\t\t\t\t<span class=\"elementor-button-content-wrapper\">\n\t\t\t\t\t\t\t\t\t<span class=\"elementor-button-text\">Saznaj vi\u0161e<\/span>\n\t\t\t\t\t<\/span>\n\t\t\t\t\t<\/a>\n\t\t\t\t<\/div>\n\t\t\t\t\t\t\t\t<\/div>\n\t\t\t\t<\/div>\n\t\t\t\t\t<\/div>\n\t\t<\/div>\n\t\t\t\t<div class=\"elementor-column elementor-col-25 elementor-top-column elementor-element elementor-element-cc5080e\" data-id=\"cc5080e\" data-element_type=\"column\">\n\t\t\t<div class=\"elementor-widget-wrap elementor-element-populated\">\n\t\t\t\t\t\t<div class=\"elementor-element elementor-element-e91cc17 elementor-widget elementor-widget-image\" data-id=\"e91cc17\" data-element_type=\"widget\" data-widget_type=\"image.default\">\n\t\t\t\t<div class=\"elementor-widget-container\">\n\t\t\t\t\t\t\t\t\t\t\t\t\t\t\t<img loading=\"lazy\" decoding=\"async\" width=\"266\" height=\"182\" src=\"https:\/\/alphaelectronics.eu\/wp-content\/uploads\/2021\/03\/Ahd570.jpg\" class=\"attachment-medium_large size-medium_large wp-image-1329\" alt=\"\" srcset=\"https:\/\/alphaelectronics.eu\/wp-content\/uploads\/2021\/03\/Ahd570.jpg 266w, https:\/\/alphaelectronics.eu\/wp-content\/uploads\/2021\/03\/Ahd570-16x12.jpg 16w\" sizes=\"(max-width: 266px) 100vw, 266px\" \/>\t\t\t\t\t\t\t\t\t\t\t\t\t\t\t<\/div>\n\t\t\t\t<\/div>\n\t\t\t\t<div class=\"elementor-element elementor-element-b47b812 elementor-widget elementor-widget-heading\" data-id=\"b47b812\" data-element_type=\"widget\" data-widget_type=\"heading.default\">\n\t\t\t\t<div class=\"elementor-widget-container\">\n\t\t\t\t\t<h2 class=\"elementor-heading-title elementor-size-default\">Alpha AHD570<\/h2>\t\t\t\t<\/div>\n\t\t\t\t<\/div>\n\t\t\t\t<div class=\"elementor-element elementor-element-217794f elementor-align-center elementor-widget elementor-widget-button\" data-id=\"217794f\" data-element_type=\"widget\" data-widget_type=\"button.default\">\n\t\t\t\t<div class=\"elementor-widget-container\">\n\t\t\t\t\t\t\t\t\t<div class=\"elementor-button-wrapper\">\n\t\t\t\t\t<a class=\"elementor-button elementor-button-link elementor-size-sm\" href=\"https:\/\/alphaelectronics.eu\/sr\/p\/alpha-ahd570\/\">\n\t\t\t\t\t\t<span class=\"elementor-button-content-wrapper\">\n\t\t\t\t\t\t\t\t\t<span class=\"elementor-button-text\">Saznaj vi\u0161e<\/span>\n\t\t\t\t\t<\/span>\n\t\t\t\t\t<\/a>\n\t\t\t\t<\/div>\n\t\t\t\t\t\t\t\t<\/div>\n\t\t\t\t<\/div>\n\t\t\t\t\t<\/div>\n\t\t<\/div>\n\t\t\t\t\t<\/div>\n\t\t<\/section>\n\t\t\t\t<section class=\"elementor-section elementor-top-section elementor-element elementor-element-c7b415d elementor-section-boxed elementor-section-height-default elementor-section-height-default\" data-id=\"c7b415d\" data-element_type=\"section\" data-settings=\"{&quot;background_background&quot;:&quot;classic&quot;}\">\n\t\t\t\t\t\t<div class=\"elementor-container elementor-column-gap-default\">\n\t\t\t\t\t<div class=\"elementor-column elementor-col-50 elementor-top-column elementor-element elementor-element-9ae4d8a\" data-id=\"9ae4d8a\" data-element_type=\"column\">\n\t\t\t<div class=\"elementor-widget-wrap elementor-element-populated\">\n\t\t\t\t\t\t<div class=\"elementor-element elementor-element-f0ee0e4 elementor-widget elementor-widget-image\" data-id=\"f0ee0e4\" data-element_type=\"widget\" data-widget_type=\"image.default\">\n\t\t\t\t<div class=\"elementor-widget-container\">\n\t\t\t\t\t\t\t\t\t\t\t\t\t\t\t<img loading=\"lazy\" decoding=\"async\" width=\"601\" height=\"410\" src=\"https:\/\/alphaelectronics.eu\/wp-content\/uploads\/2021\/03\/suSenje-KOSE-montaza.jpg\" class=\"attachment-large size-large wp-image-1207\" alt=\"\" srcset=\"https:\/\/alphaelectronics.eu\/wp-content\/uploads\/2021\/03\/suSenje-KOSE-montaza.jpg 601w, https:\/\/alphaelectronics.eu\/wp-content\/uploads\/2021\/03\/suSenje-KOSE-montaza-300x205.jpg 300w, https:\/\/alphaelectronics.eu\/wp-content\/uploads\/2021\/03\/suSenje-KOSE-montaza-16x12.jpg 16w\" sizes=\"(max-width: 601px) 100vw, 601px\" \/>\t\t\t\t\t\t\t\t\t\t\t\t\t\t\t<\/div>\n\t\t\t\t<\/div>\n\t\t\t\t\t<\/div>\n\t\t<\/div>\n\t\t\t\t<div class=\"elementor-column elementor-col-50 elementor-top-column elementor-element elementor-element-1be6111\" data-id=\"1be6111\" data-element_type=\"column\">\n\t\t\t<div class=\"elementor-widget-wrap elementor-element-populated\">\n\t\t\t\t\t\t<div class=\"elementor-element elementor-element-cbbf6e9 elementor-widget elementor-widget-text-editor\" data-id=\"cbbf6e9\" data-element_type=\"widget\" data-widget_type=\"text-editor.default\">\n\t\t\t\t<div class=\"elementor-widget-container\">\n\t\t\t\t\t\t\t\t\t<p><span style=\"font-weight: 400;\">Ispravljanje kose je lak zadatak kada imate Alpha prese za kosu koje vam stavljaju na raspolaganje sve prednosti inovativnih tehnologija poput plutaju\u0107ih plo\u010da i keratinske obloge, kao i veliki broj pode\u0161avanja. Ove prese prilagodljive su svim tipovima kose \u2013 od tanke i osetljive do kovrd\u017eave i zahtevne za stilizovanje, uz opcije za\u0161tite kose od o\u0161te\u0107enja i mogu\u0107nosti preciznog pode\u0161avanja temperature.<\/span><\/p>\t\t\t\t\t\t\t\t<\/div>\n\t\t\t\t<\/div>\n\t\t\t\t\t<\/div>\n\t\t<\/div>\n\t\t\t\t\t<\/div>\n\t\t<\/section>\n\t\t\t\t<\/div>","protected":false},"excerpt":{"rendered":"<p>Alpha hairdryers Beautifull hair after first try Beauty salon in your home with Alpha appliances Modern lifestyle requires everyday planning and balancing between professional and private life, and it spawned the concept of self-care. It became a necessity to find time for ourselves despite of constant busyness, and to make beneficial effect on our well [&hellip;]<\/p>","protected":false},"author":2,"featured_media":0,"parent":0,"menu_order":0,"comment_status":"closed","ping_status":"closed","template":"","meta":{"footnotes":""},"class_list":["post-48","page","type-page","status-publish","hentry"],"yoast_head":"<!-- This site is optimized with the Yoast SEO plugin v26.3 - https:\/\/yoast.com\/wordpress\/plugins\/seo\/ -->\n<title>Hairdryers - Alpha Electronics<\/title>\n<meta name=\"robots\" content=\"index, follow, max-snippet:-1, max-image-preview:large, max-video-preview:-1\" \/>\n<link rel=\"canonical\" href=\"https:\/\/alphaelectronics.eu\/sr\/hairdryers\/\" \/>\n<meta property=\"og:locale\" content=\"sr_RS\" \/>\n<meta property=\"og:type\" content=\"article\" \/>\n<meta property=\"og:title\" content=\"Hairdryers - Alpha Electronics\" \/>\n<meta property=\"og:description\" content=\"Alpha hairdryers Beautifull hair after first try Beauty salon in your home with Alpha appliances Modern lifestyle requires everyday planning and balancing between professional and private life, and it spawned the concept of self-care. It became a necessity to find time for ourselves despite of constant busyness, and to make beneficial effect on our well [&hellip;]\" \/>\n<meta property=\"og:url\" content=\"https:\/\/alphaelectronics.eu\/sr\/hairdryers\/\" \/>\n<meta property=\"og:site_name\" content=\"Alpha Electronics\" \/>\n<meta property=\"article:modified_time\" content=\"2021-07-05T11:03:53+00:00\" \/>\n<meta property=\"og:image\" content=\"https:\/\/alphaelectronics.eu\/wp-content\/uploads\/2021\/03\/Ahd530.jpg\" \/>\n<meta name=\"twitter:card\" content=\"summary_large_image\" \/>\n<meta name=\"twitter:label1\" content=\"\u041f\u0440\u043e\u0446\u0435\u045a\u0435\u043d\u043e \u0432\u0440\u0435\u043c\u0435 \u0447\u0438\u0442\u0430\u045a\u0430\" \/>\n\t<meta name=\"twitter:data1\" content=\"1 \u043c\u0438\u043d\u0443\u0442\" \/>\n<script type=\"application\/ld+json\" class=\"yoast-schema-graph\">{\"@context\":\"https:\/\/schema.org\",\"@graph\":[{\"@type\":\"WebPage\",\"@id\":\"https:\/\/alphaelectronics.eu\/en\/hairdryers\/\",\"url\":\"https:\/\/alphaelectronics.eu\/en\/hairdryers\/\",\"name\":\"Hairdryers - Alpha Electronics\",\"isPartOf\":{\"@id\":\"https:\/\/alphaelectronics.eu\/#website\"},\"primaryImageOfPage\":{\"@id\":\"https:\/\/alphaelectronics.eu\/en\/hairdryers\/#primaryimage\"},\"image\":{\"@id\":\"https:\/\/alphaelectronics.eu\/en\/hairdryers\/#primaryimage\"},\"thumbnailUrl\":\"https:\/\/alphaelectronics.eu\/wp-content\/uploads\/2021\/03\/Ahd530.jpg\",\"datePublished\":\"2021-03-11T21:49:54+00:00\",\"dateModified\":\"2021-07-05T11:03:53+00:00\",\"breadcrumb\":{\"@id\":\"https:\/\/alphaelectronics.eu\/en\/hairdryers\/#breadcrumb\"},\"inLanguage\":\"sr-RS\",\"potentialAction\":[{\"@type\":\"ReadAction\",\"target\":[\"https:\/\/alphaelectronics.eu\/en\/hairdryers\/\"]}]},{\"@type\":\"ImageObject\",\"inLanguage\":\"sr-RS\",\"@id\":\"https:\/\/alphaelectronics.eu\/en\/hairdryers\/#primaryimage\",\"url\":\"https:\/\/alphaelectronics.eu\/wp-content\/uploads\/2021\/03\/Ahd530.jpg\",\"contentUrl\":\"https:\/\/alphaelectronics.eu\/wp-content\/uploads\/2021\/03\/Ahd530.jpg\"},{\"@type\":\"BreadcrumbList\",\"@id\":\"https:\/\/alphaelectronics.eu\/en\/hairdryers\/#breadcrumb\",\"itemListElement\":[{\"@type\":\"ListItem\",\"position\":1,\"name\":\"Home\",\"item\":\"https:\/\/alphaelectronics.eu\/sr\/\"},{\"@type\":\"ListItem\",\"position\":2,\"name\":\"Hairdryers\"}]},{\"@type\":\"WebSite\",\"@id\":\"https:\/\/alphaelectronics.eu\/#website\",\"url\":\"https:\/\/alphaelectronics.eu\/\",\"name\":\"Alpha Electronics\",\"description\":\"\",\"publisher\":{\"@id\":\"https:\/\/alphaelectronics.eu\/#organization\"},\"potentialAction\":[{\"@type\":\"SearchAction\",\"target\":{\"@type\":\"EntryPoint\",\"urlTemplate\":\"https:\/\/alphaelectronics.eu\/?s={search_term_string}\"},\"query-input\":{\"@type\":\"PropertyValueSpecification\",\"valueRequired\":true,\"valueName\":\"search_term_string\"}}],\"inLanguage\":\"sr-RS\"},{\"@type\":\"Organization\",\"@id\":\"https:\/\/alphaelectronics.eu\/#organization\",\"name\":\"Alpha Electronics\",\"url\":\"https:\/\/alphaelectronics.eu\/\",\"logo\":{\"@type\":\"ImageObject\",\"inLanguage\":\"sr-RS\",\"@id\":\"https:\/\/alphaelectronics.eu\/#\/schema\/logo\/image\/\",\"url\":\"https:\/\/alphaelectronics.eu\/wp-content\/uploads\/2021\/03\/AlfaLogo.png\",\"contentUrl\":\"https:\/\/alphaelectronics.eu\/wp-content\/uploads\/2021\/03\/AlfaLogo.png\",\"width\":152,\"height\":53,\"caption\":\"Alpha Electronics\"},\"image\":{\"@id\":\"https:\/\/alphaelectronics.eu\/#\/schema\/logo\/image\/\"}}]}<\/script>\n<!-- \/ Yoast SEO plugin. -->","yoast_head_json":{"title":"Fenovi za kosu - Alpha Electronics","robots":{"index":"index","follow":"follow","max-snippet":"max-snippet:-1","max-image-preview":"max-image-preview:large","max-video-preview":"max-video-preview:-1"},"canonical":"https:\/\/alphaelectronics.eu\/sr\/hairdryers\/","og_locale":"sr_RS","og_type":"article","og_title":"Hairdryers - Alpha Electronics","og_description":"Alpha hairdryers Beautifull hair after first try Beauty salon in your home with Alpha appliances Modern lifestyle requires everyday planning and balancing between professional and private life, and it spawned the concept of self-care. It became a necessity to find time for ourselves despite of constant busyness, and to make beneficial effect on our well [&hellip;]","og_url":"https:\/\/alphaelectronics.eu\/sr\/hairdryers\/","og_site_name":"Alpha Electronics","article_modified_time":"2021-07-05T11:03:53+00:00","og_image":[{"url":"https:\/\/alphaelectronics.eu\/wp-content\/uploads\/2021\/03\/Ahd530.jpg","type":"","width":"","height":""}],"twitter_card":"summary_large_image","twitter_misc":{"\u041f\u0440\u043e\u0446\u0435\u045a\u0435\u043d\u043e \u0432\u0440\u0435\u043c\u0435 \u0447\u0438\u0442\u0430\u045a\u0430":"1 \u043c\u0438\u043d\u0443\u0442"},"schema":{"@context":"https:\/\/schema.org","@graph":[{"@type":"WebPage","@id":"https:\/\/alphaelectronics.eu\/en\/hairdryers\/","url":"https:\/\/alphaelectronics.eu\/en\/hairdryers\/","name":"Fenovi za kosu - Alpha Electronics","isPartOf":{"@id":"https:\/\/alphaelectronics.eu\/#website"},"primaryImageOfPage":{"@id":"https:\/\/alphaelectronics.eu\/en\/hairdryers\/#primaryimage"},"image":{"@id":"https:\/\/alphaelectronics.eu\/en\/hairdryers\/#primaryimage"},"thumbnailUrl":"https:\/\/alphaelectronics.eu\/wp-content\/uploads\/2021\/03\/Ahd530.jpg","datePublished":"2021-03-11T21:49:54+00:00","dateModified":"2021-07-05T11:03:53+00:00","breadcrumb":{"@id":"https:\/\/alphaelectronics.eu\/en\/hairdryers\/#breadcrumb"},"inLanguage":"sr-RS","potentialAction":[{"@type":"ReadAction","target":["https:\/\/alphaelectronics.eu\/en\/hairdryers\/"]}]},{"@type":"ImageObject","inLanguage":"sr-RS","@id":"https:\/\/alphaelectronics.eu\/en\/hairdryers\/#primaryimage","url":"https:\/\/alphaelectronics.eu\/wp-content\/uploads\/2021\/03\/Ahd530.jpg","contentUrl":"https:\/\/alphaelectronics.eu\/wp-content\/uploads\/2021\/03\/Ahd530.jpg"},{"@type":"BreadcrumbList","@id":"https:\/\/alphaelectronics.eu\/en\/hairdryers\/#breadcrumb","itemListElement":[{"@type":"ListItem","position":1,"name":"Home","item":"https:\/\/alphaelectronics.eu\/sr\/"},{"@type":"ListItem","position":2,"name":"Hairdryers"}]},{"@type":"WebSite","@id":"https:\/\/alphaelectronics.eu\/#website","url":"https:\/\/alphaelectronics.eu\/","name":"Alpha Electronics","description":"","publisher":{"@id":"https:\/\/alphaelectronics.eu\/#organization"},"potentialAction":[{"@type":"SearchAction","target":{"@type":"EntryPoint","urlTemplate":"https:\/\/alphaelectronics.eu\/?s={search_term_string}"},"query-input":{"@type":"PropertyValueSpecification","valueRequired":true,"valueName":"search_term_string"}}],"inLanguage":"sr-RS"},{"@type":"Organization","@id":"https:\/\/alphaelectronics.eu\/#organization","name":"Alpha Electronics","url":"https:\/\/alphaelectronics.eu\/","logo":{"@type":"ImageObject","inLanguage":"sr-RS","@id":"https:\/\/alphaelectronics.eu\/#\/schema\/logo\/image\/","url":"https:\/\/alphaelectronics.eu\/wp-content\/uploads\/2021\/03\/AlfaLogo.png","contentUrl":"https:\/\/alphaelectronics.eu\/wp-content\/uploads\/2021\/03\/AlfaLogo.png","width":152,"height":53,"caption":"Alpha Electronics"},"image":{"@id":"https:\/\/alphaelectronics.eu\/#\/schema\/logo\/image\/"}}]}},"_links":{"self":[{"href":"https:\/\/alphaelectronics.eu\/sr\/wp-json\/wp\/v2\/pages\/48","targetHints":{"allow":["GET"]}}],"collection":[{"href":"https:\/\/alphaelectronics.eu\/sr\/wp-json\/wp\/v2\/pages"}],"about":[{"href":"https:\/\/alphaelectronics.eu\/sr\/wp-json\/wp\/v2\/types\/page"}],"author":[{"embeddable":true,"href":"https:\/\/alphaelectronics.eu\/sr\/wp-json\/wp\/v2\/users\/2"}],"replies":[{"embeddable":true,"href":"https:\/\/alphaelectronics.eu\/sr\/wp-json\/wp\/v2\/comments?post=48"}],"version-history":[{"count":62,"href":"https:\/\/alphaelectronics.eu\/sr\/wp-json\/wp\/v2\/pages\/48\/revisions"}],"predecessor-version":[{"id":4640,"href":"https:\/\/alphaelectronics.eu\/sr\/wp-json\/wp\/v2\/pages\/48\/revisions\/4640"}],"wp:attachment":[{"href":"https:\/\/alphaelectronics.eu\/sr\/wp-json\/wp\/v2\/media?parent=48"}],"curies":[{"name":"wp","href":"https:\/\/api.w.org\/{rel}","templated":true}]}}