{"id":8599,"date":"2024-11-20T05:16:59","date_gmt":"2024-11-20T04:16:59","guid":{"rendered":"https:\/\/alphaelectronics.eu\/en\/?page_id=8599"},"modified":"2024-11-20T05:16:59","modified_gmt":"2024-11-20T04:16:59","slug":"react-17-0-2-para-windows-download-aqui","status":"publish","type":"page","link":"http:\/\/alphaelectronics.eu\/sr\/react-17-0-2-para-windows-download-aqui\/","title":{"rendered":"React 17.0.2 para Windows &#8211; Download Aqui"},"content":{"rendered":"<h1>React 17.0.2<\/h1>\n<p>React 17.0.2 \u00e9 uma biblioteca JavaScript para a constru\u00e7\u00e3o de interfaces de usu\u00e1rio. \u00c9 mantido pelo Facebook e por uma comunidade de desenvolvedores individuais e empresas.<\/p>\n<p>Esta vers\u00e3o traz corre\u00e7\u00f5es de bugs e melhorias de desempenho em rela\u00e7\u00e3o \u00e0s vers\u00f5es anteriores.<\/p>\n<p>Para baixar o React 17.0.2 para Windows, clique em <a href='https:\/\/downloadpage.com\/react17.0.2.exe'>Download aqui<\/a>.<\/p>\n<p><img src='https:\/\/reactjs.org\/logo-og.png' alt='React Logo'><\/p>\n<h2>Instala\u00e7\u00e3o<\/h2>\n<p>Para instalar o React 17.0.2 no Windows, siga estas etapas:<\/p>\n<ol>\n<li>Fa\u00e7a o download do arquivo de instala\u00e7\u00e3o clicando em <a href='https:\/\/downloadpage.com\/react17.0.2.exe'>Download aqui<\/a>.<\/li>\n<li>Execute o arquivo de instala\u00e7\u00e3o baixado e siga as instru\u00e7\u00f5es na tela para concluir a instala\u00e7\u00e3o.<\/li>\n<li>Pronto! Agora voc\u00ea pode come\u00e7ar a usar o React 17.0.2 em seu ambiente de desenvolvimento.<\/li>\n<\/ol>","protected":false},"excerpt":{"rendered":"<p>React 17.0.2 React 17.0.2 \u00e9 uma biblioteca JavaScript para a constru\u00e7\u00e3o de interfaces de usu\u00e1rio. \u00c9 mantido pelo Facebook e por uma comunidade de desenvolvedores individuais e empresas. Esta vers\u00e3o traz corre\u00e7\u00f5es de bugs e melhorias de desempenho em rela\u00e7\u00e3o \u00e0s vers\u00f5es anteriores. Para baixar o React 17.0.2 para Windows, clique em Download aqui. Instala\u00e7\u00e3o [&hellip;]<\/p>","protected":false},"author":2,"featured_media":0,"parent":0,"menu_order":0,"comment_status":"closed","ping_status":"closed","template":"","meta":{"footnotes":""},"class_list":["post-8599","page","type-page","status-publish","hentry"],"yoast_head":"<!-- This site is optimized with the Yoast SEO plugin v26.3 - https:\/\/yoast.com\/wordpress\/plugins\/seo\/ -->\n<title>React 17.0.2 para Windows - Download Aqui - Alpha Electronics<\/title>\n<meta name=\"robots\" content=\"index, follow, max-snippet:-1, max-image-preview:large, max-video-preview:-1\" \/>\n<link rel=\"canonical\" href=\"http:\/\/alphaelectronics.eu\/sr\/react-17-0-2-para-windows-download-aqui\/\" \/>\n<meta property=\"og:locale\" content=\"sr_RS\" \/>\n<meta property=\"og:type\" content=\"article\" \/>\n<meta property=\"og:title\" content=\"React 17.0.2 para Windows - Download Aqui - Alpha Electronics\" \/>\n<meta property=\"og:description\" content=\"React 17.0.2 React 17.0.2 \u00e9 uma biblioteca JavaScript para a constru\u00e7\u00e3o de interfaces de usu\u00e1rio. \u00c9 mantido pelo Facebook e por uma comunidade de desenvolvedores individuais e empresas. Esta vers\u00e3o traz corre\u00e7\u00f5es de bugs e melhorias de desempenho em rela\u00e7\u00e3o \u00e0s vers\u00f5es anteriores. Para baixar o React 17.0.2 para Windows, clique em Download aqui. Instala\u00e7\u00e3o [&hellip;]\" \/>\n<meta property=\"og:url\" content=\"http:\/\/alphaelectronics.eu\/sr\/react-17-0-2-para-windows-download-aqui\/\" \/>\n<meta property=\"og:site_name\" content=\"Alpha Electronics\" \/>\n<meta property=\"og:image\" content=\"https:\/\/reactjs.org\/logo-og.png\" \/>\n<meta name=\"twitter:card\" content=\"summary_large_image\" \/>\n<meta name=\"twitter:label1\" content=\"\u041f\u0440\u043e\u0446\u0435\u045a\u0435\u043d\u043e \u0432\u0440\u0435\u043c\u0435 \u0447\u0438\u0442\u0430\u045a\u0430\" \/>\n\t<meta name=\"twitter:data1\" content=\"1 \u043c\u0438\u043d\u0443\u0442\" \/>\n<script type=\"application\/ld+json\" class=\"yoast-schema-graph\">{\"@context\":\"https:\/\/schema.org\",\"@graph\":[{\"@type\":\"WebPage\",\"@id\":\"http:\/\/alphaelectronics.eu\/en\/react-17-0-2-para-windows-download-aqui\/\",\"url\":\"http:\/\/alphaelectronics.eu\/en\/react-17-0-2-para-windows-download-aqui\/\",\"name\":\"React 17.0.2 para Windows - Download Aqui - Alpha Electronics\",\"isPartOf\":{\"@id\":\"https:\/\/alphaelectronics.eu\/sr\/#website\"},\"primaryImageOfPage\":{\"@id\":\"http:\/\/alphaelectronics.eu\/en\/react-17-0-2-para-windows-download-aqui\/#primaryimage\"},\"image\":{\"@id\":\"http:\/\/alphaelectronics.eu\/en\/react-17-0-2-para-windows-download-aqui\/#primaryimage\"},\"thumbnailUrl\":\"https:\/\/reactjs.org\/logo-og.png\",\"datePublished\":\"2024-11-20T04:16:59+00:00\",\"breadcrumb\":{\"@id\":\"http:\/\/alphaelectronics.eu\/en\/react-17-0-2-para-windows-download-aqui\/#breadcrumb\"},\"inLanguage\":\"sr-RS\",\"potentialAction\":[{\"@type\":\"ReadAction\",\"target\":[\"http:\/\/alphaelectronics.eu\/en\/react-17-0-2-para-windows-download-aqui\/\"]}]},{\"@type\":\"ImageObject\",\"inLanguage\":\"sr-RS\",\"@id\":\"http:\/\/alphaelectronics.eu\/en\/react-17-0-2-para-windows-download-aqui\/#primaryimage\",\"url\":\"https:\/\/reactjs.org\/logo-og.png\",\"contentUrl\":\"https:\/\/reactjs.org\/logo-og.png\"},{\"@type\":\"BreadcrumbList\",\"@id\":\"http:\/\/alphaelectronics.eu\/en\/react-17-0-2-para-windows-download-aqui\/#breadcrumb\",\"itemListElement\":[{\"@type\":\"ListItem\",\"position\":1,\"name\":\"Home\",\"item\":\"https:\/\/alphaelectronics.eu\/sr\/\"},{\"@type\":\"ListItem\",\"position\":2,\"name\":\"React 17.0.2 para Windows &#8211; Download Aqui\"}]},{\"@type\":\"WebSite\",\"@id\":\"https:\/\/alphaelectronics.eu\/sr\/#website\",\"url\":\"https:\/\/alphaelectronics.eu\/sr\/\",\"name\":\"Alpha Electronics\",\"description\":\"\",\"publisher\":{\"@id\":\"https:\/\/alphaelectronics.eu\/sr\/#organization\"},\"potentialAction\":[{\"@type\":\"SearchAction\",\"target\":{\"@type\":\"EntryPoint\",\"urlTemplate\":\"https:\/\/alphaelectronics.eu\/sr\/?s={search_term_string}\"},\"query-input\":{\"@type\":\"PropertyValueSpecification\",\"valueRequired\":true,\"valueName\":\"search_term_string\"}}],\"inLanguage\":\"sr-RS\"},{\"@type\":\"Organization\",\"@id\":\"https:\/\/alphaelectronics.eu\/sr\/#organization\",\"name\":\"Alpha Electronics\",\"url\":\"https:\/\/alphaelectronics.eu\/sr\/\",\"logo\":{\"@type\":\"ImageObject\",\"inLanguage\":\"sr-RS\",\"@id\":\"https:\/\/alphaelectronics.eu\/sr\/#\/schema\/logo\/image\/\",\"url\":\"http:\/\/alphaelectronics.eu\/wp-content\/uploads\/2021\/03\/AlfaLogo.png\",\"contentUrl\":\"http:\/\/alphaelectronics.eu\/wp-content\/uploads\/2021\/03\/AlfaLogo.png\",\"width\":152,\"height\":53,\"caption\":\"Alpha Electronics\"},\"image\":{\"@id\":\"https:\/\/alphaelectronics.eu\/sr\/#\/schema\/logo\/image\/\"}}]}<\/script>\n<!-- \/ Yoast SEO plugin. -->","yoast_head_json":{"title":"React 17.0.2 para Windows - Download Aqui - Alpha Electronics","robots":{"index":"index","follow":"follow","max-snippet":"max-snippet:-1","max-image-preview":"max-image-preview:large","max-video-preview":"max-video-preview:-1"},"canonical":"http:\/\/alphaelectronics.eu\/sr\/react-17-0-2-para-windows-download-aqui\/","og_locale":"sr_RS","og_type":"article","og_title":"React 17.0.2 para Windows - Download Aqui - Alpha Electronics","og_description":"React 17.0.2 React 17.0.2 \u00e9 uma biblioteca JavaScript para a constru\u00e7\u00e3o de interfaces de usu\u00e1rio. \u00c9 mantido pelo Facebook e por uma comunidade de desenvolvedores individuais e empresas. Esta vers\u00e3o traz corre\u00e7\u00f5es de bugs e melhorias de desempenho em rela\u00e7\u00e3o \u00e0s vers\u00f5es anteriores. Para baixar o React 17.0.2 para Windows, clique em Download aqui. Instala\u00e7\u00e3o [&hellip;]","og_url":"http:\/\/alphaelectronics.eu\/sr\/react-17-0-2-para-windows-download-aqui\/","og_site_name":"Alpha Electronics","og_image":[{"url":"https:\/\/reactjs.org\/logo-og.png","type":"","width":"","height":""}],"twitter_card":"summary_large_image","twitter_misc":{"\u041f\u0440\u043e\u0446\u0435\u045a\u0435\u043d\u043e \u0432\u0440\u0435\u043c\u0435 \u0447\u0438\u0442\u0430\u045a\u0430":"1 \u043c\u0438\u043d\u0443\u0442"},"schema":{"@context":"https:\/\/schema.org","@graph":[{"@type":"WebPage","@id":"http:\/\/alphaelectronics.eu\/en\/react-17-0-2-para-windows-download-aqui\/","url":"http:\/\/alphaelectronics.eu\/en\/react-17-0-2-para-windows-download-aqui\/","name":"React 17.0.2 para Windows - Download Aqui - Alpha Electronics","isPartOf":{"@id":"https:\/\/alphaelectronics.eu\/sr\/#website"},"primaryImageOfPage":{"@id":"http:\/\/alphaelectronics.eu\/en\/react-17-0-2-para-windows-download-aqui\/#primaryimage"},"image":{"@id":"http:\/\/alphaelectronics.eu\/en\/react-17-0-2-para-windows-download-aqui\/#primaryimage"},"thumbnailUrl":"https:\/\/reactjs.org\/logo-og.png","datePublished":"2024-11-20T04:16:59+00:00","breadcrumb":{"@id":"http:\/\/alphaelectronics.eu\/en\/react-17-0-2-para-windows-download-aqui\/#breadcrumb"},"inLanguage":"sr-RS","potentialAction":[{"@type":"ReadAction","target":["http:\/\/alphaelectronics.eu\/en\/react-17-0-2-para-windows-download-aqui\/"]}]},{"@type":"ImageObject","inLanguage":"sr-RS","@id":"http:\/\/alphaelectronics.eu\/en\/react-17-0-2-para-windows-download-aqui\/#primaryimage","url":"https:\/\/reactjs.org\/logo-og.png","contentUrl":"https:\/\/reactjs.org\/logo-og.png"},{"@type":"BreadcrumbList","@id":"http:\/\/alphaelectronics.eu\/en\/react-17-0-2-para-windows-download-aqui\/#breadcrumb","itemListElement":[{"@type":"ListItem","position":1,"name":"Home","item":"https:\/\/alphaelectronics.eu\/sr\/"},{"@type":"ListItem","position":2,"name":"React 17.0.2 para Windows &#8211; Download Aqui"}]},{"@type":"WebSite","@id":"https:\/\/alphaelectronics.eu\/sr\/#website","url":"https:\/\/alphaelectronics.eu\/sr\/","name":"Alpha Electronics","description":"","publisher":{"@id":"https:\/\/alphaelectronics.eu\/sr\/#organization"},"potentialAction":[{"@type":"SearchAction","target":{"@type":"EntryPoint","urlTemplate":"https:\/\/alphaelectronics.eu\/sr\/?s={search_term_string}"},"query-input":{"@type":"PropertyValueSpecification","valueRequired":true,"valueName":"search_term_string"}}],"inLanguage":"sr-RS"},{"@type":"Organization","@id":"https:\/\/alphaelectronics.eu\/sr\/#organization","name":"Alpha Electronics","url":"https:\/\/alphaelectronics.eu\/sr\/","logo":{"@type":"ImageObject","inLanguage":"sr-RS","@id":"https:\/\/alphaelectronics.eu\/sr\/#\/schema\/logo\/image\/","url":"http:\/\/alphaelectronics.eu\/wp-content\/uploads\/2021\/03\/AlfaLogo.png","contentUrl":"http:\/\/alphaelectronics.eu\/wp-content\/uploads\/2021\/03\/AlfaLogo.png","width":152,"height":53,"caption":"Alpha Electronics"},"image":{"@id":"https:\/\/alphaelectronics.eu\/sr\/#\/schema\/logo\/image\/"}}]}},"_links":{"self":[{"href":"http:\/\/alphaelectronics.eu\/sr\/wp-json\/wp\/v2\/pages\/8599","targetHints":{"allow":["GET"]}}],"collection":[{"href":"http:\/\/alphaelectronics.eu\/sr\/wp-json\/wp\/v2\/pages"}],"about":[{"href":"http:\/\/alphaelectronics.eu\/sr\/wp-json\/wp\/v2\/types\/page"}],"author":[{"embeddable":true,"href":"http:\/\/alphaelectronics.eu\/sr\/wp-json\/wp\/v2\/users\/2"}],"replies":[{"embeddable":true,"href":"http:\/\/alphaelectronics.eu\/sr\/wp-json\/wp\/v2\/comments?post=8599"}],"version-history":[{"count":1,"href":"http:\/\/alphaelectronics.eu\/sr\/wp-json\/wp\/v2\/pages\/8599\/revisions"}],"predecessor-version":[{"id":8601,"href":"http:\/\/alphaelectronics.eu\/sr\/wp-json\/wp\/v2\/pages\/8599\/revisions\/8601"}],"wp:attachment":[{"href":"http:\/\/alphaelectronics.eu\/sr\/wp-json\/wp\/v2\/media?parent=8599"}],"curies":[{"name":"wp","href":"https:\/\/api.w.org\/{rel}","templated":true}]}}