{"id":14,"date":"2021-03-11T21:34:43","date_gmt":"2021-03-11T21:34:43","guid":{"rendered":"http:\/\/alphaelectronicstesting.plutonium.rs\/?page_id=14"},"modified":"2021-12-29T16:11:32","modified_gmt":"2021-12-29T16:11:32","slug":"television","status":"publish","type":"page","link":"http:\/\/alphaelectronics.eu\/sr\/television\/","title":{"rendered":"Televizori"},"content":{"rendered":"<div data-elementor-type=\"wp-page\" data-elementor-id=\"14\" class=\"elementor elementor-14\" data-elementor-post-type=\"page\">\n\t\t\t\t\t\t<section class=\"elementor-section elementor-top-section elementor-element elementor-element-9422c21 elementor-section-height-min-height elementor-section-boxed elementor-section-height-default elementor-section-items-middle\" data-id=\"9422c21\" data-element_type=\"section\" data-settings=\"{&quot;background_background&quot;:&quot;classic&quot;}\">\n\t\t\t\t\t\t<div class=\"elementor-container elementor-column-gap-default\">\n\t\t\t\t\t<div class=\"elementor-column elementor-col-100 elementor-top-column elementor-element elementor-element-d23fc74\" data-id=\"d23fc74\" data-element_type=\"column\">\n\t\t\t<div class=\"elementor-widget-wrap\">\n\t\t\t\t\t\t\t<\/div>\n\t\t<\/div>\n\t\t\t\t\t<\/div>\n\t\t<\/section>\n\t\t\t\t<section class=\"elementor-section elementor-top-section elementor-element elementor-element-01b8d8f elementor-section-boxed elementor-section-height-default elementor-section-height-default\" data-id=\"01b8d8f\" data-element_type=\"section\">\n\t\t\t\t\t\t<div class=\"elementor-container elementor-column-gap-default\">\n\t\t\t\t\t<div class=\"elementor-column elementor-col-100 elementor-top-column elementor-element elementor-element-758cefc\" data-id=\"758cefc\" data-element_type=\"column\">\n\t\t\t<div class=\"elementor-widget-wrap elementor-element-populated\">\n\t\t\t\t\t\t<div class=\"elementor-element elementor-element-c8fce45 elementor-widget elementor-widget-heading\" data-id=\"c8fce45\" data-element_type=\"widget\" data-widget_type=\"heading.default\">\n\t\t\t\t<div class=\"elementor-widget-container\">\n\t\t\t\t\t<h2 class=\"elementor-heading-title elementor-size-default\">Alpha televizori<\/h2>\t\t\t\t<\/div>\n\t\t\t\t<\/div>\n\t\t\t\t<div class=\"elementor-element elementor-element-2044c93 elementor-widget elementor-widget-text-editor\" data-id=\"2044c93\" data-element_type=\"widget\" data-widget_type=\"text-editor.default\">\n\t\t\t\t<div class=\"elementor-widget-container\">\n\t\t\t\t\t\t\t\t\t<p>Alpha televizori su inspirisani stvarnim \u017eivotom oko nas i svime \u0161to nas okru\u017euje. Minimalisti\u010dki i moderan dizajn, savremene funkcije i vrhunski kvalitet panela A+ klase svrstava ove televizore u rang sa premium standardima TV\/AV kategorije.<\/p><p>\u0160irok asortiman Alpha televizora razli\u010ditih dijagonala i rezolucija obezbe\u0111uje njihovu prilagodljivost korisnicima svih generacija, svakoj prostoriji u va\u0161em domu i poslovnom prostoru. Ovi televizori poseduju sve potrebne funkcije za celokupno u\u017eivanje u svim sadr\u017eajima: razli\u010dite vrste digitalnih tjunera omogu\u0107avaju povezivanje televizora sa digitalnim TV signalom bez potrebe za dodatnim ure\u0111ajima za digitalizaciju.<\/p><p>Uz pristupa\u010dnu cenu i bezuslovnu garanciju od 4 godine, Alpha televizori uvek pru\u017eaju vi\u0161e.<\/p>\t\t\t\t\t\t\t\t<\/div>\n\t\t\t\t<\/div>\n\t\t\t\t\t<\/div>\n\t\t<\/div>\n\t\t\t\t\t<\/div>\n\t\t<\/section>\n\t\t\t\t<section class=\"elementor-section elementor-top-section elementor-element elementor-element-8b4107b elementor-section-boxed elementor-section-height-default elementor-section-height-default\" data-id=\"8b4107b\" data-element_type=\"section\">\n\t\t\t\t\t\t<div class=\"elementor-container elementor-column-gap-default\">\n\t\t\t\t\t<div class=\"elementor-column elementor-col-100 elementor-top-column elementor-element elementor-element-73bd492\" data-id=\"73bd492\" data-element_type=\"column\">\n\t\t\t<div class=\"elementor-widget-wrap elementor-element-populated\">\n\t\t\t\t\t\t<div class=\"elementor-element elementor-element-3f48fdb filtericc elementor-widget elementor-widget-heading\" data-id=\"3f48fdb\" data-element_type=\"widget\" data-widget_type=\"heading.default\">\n\t\t\t\t<div class=\"elementor-widget-container\">\n\t\t\t\t\t<h5 class=\"elementor-heading-title elementor-size-default\">Filteri<\/h5>\t\t\t\t<\/div>\n\t\t\t\t<\/div>\n\t\t\t\t\t<\/div>\n\t\t<\/div>\n\t\t\t\t\t<\/div>\n\t\t<\/section>\n\t\t\t\t<section class=\"elementor-section elementor-top-section elementor-element elementor-element-4016f97 elementor-section-boxed elementor-section-height-default elementor-section-height-default\" data-id=\"4016f97\" data-element_type=\"section\">\n\t\t\t\t\t\t<div class=\"elementor-container elementor-column-gap-default\">\n\t\t\t\t\t<div class=\"elementor-column elementor-col-100 elementor-top-column elementor-element elementor-element-167748a\" data-id=\"167748a\" data-element_type=\"column\">\n\t\t\t<div class=\"elementor-widget-wrap elementor-element-populated\">\n\t\t\t\t\t\t\t<\/div>\n\t\t<\/div>\n\t\t\t\t\t<\/div>\n\t\t<\/section>\n\t\t\t\t<\/div>","protected":false},"excerpt":{"rendered":"<p>Alpha television Alpha television sets are inspired by real life and everything surrounding us. Minimalistic and modern design, contemporary functions, and premium panel quality (A+ class) make these TVs comparable with premium standards of the TV\/AV category. A wide selection of Alpha television sets cover different diagonals and screen resolutions ensures their adaptability to users [&hellip;]<\/p>","protected":false},"author":2,"featured_media":0,"parent":0,"menu_order":0,"comment_status":"closed","ping_status":"closed","template":"","meta":{"footnotes":""},"class_list":["post-14","page","type-page","status-publish","hentry"],"yoast_head":"<!-- This site is optimized with the Yoast SEO plugin v26.3 - https:\/\/yoast.com\/wordpress\/plugins\/seo\/ -->\n<title>Television - Alpha Electronics<\/title>\n<meta name=\"robots\" content=\"index, follow, max-snippet:-1, max-image-preview:large, max-video-preview:-1\" \/>\n<link rel=\"canonical\" href=\"https:\/\/alphaelectronics.eu\/sr\/television\/\" \/>\n<meta property=\"og:locale\" content=\"sr_RS\" \/>\n<meta property=\"og:type\" content=\"article\" \/>\n<meta property=\"og:title\" content=\"Television - Alpha Electronics\" \/>\n<meta property=\"og:description\" content=\"Alpha television Alpha television sets are inspired by real life and everything surrounding us. Minimalistic and modern design, contemporary functions, and premium panel quality (A+ class) make these TVs comparable with premium standards of the TV\/AV category. A wide selection of Alpha television sets cover different diagonals and screen resolutions ensures their adaptability to users [&hellip;]\" \/>\n<meta property=\"og:url\" content=\"https:\/\/alphaelectronics.eu\/sr\/television\/\" \/>\n<meta property=\"og:site_name\" content=\"Alpha Electronics\" \/>\n<meta property=\"article:modified_time\" content=\"2021-12-29T16:11:32+00:00\" \/>\n<meta name=\"twitter:card\" content=\"summary_large_image\" \/>\n<meta name=\"twitter:label1\" content=\"\u041f\u0440\u043e\u0446\u0435\u045a\u0435\u043d\u043e \u0432\u0440\u0435\u043c\u0435 \u0447\u0438\u0442\u0430\u045a\u0430\" \/>\n\t<meta name=\"twitter:data1\" content=\"5 \u043c\u0438\u043d\u0443\u0442\u0430\" \/>\n<script type=\"application\/ld+json\" class=\"yoast-schema-graph\">{\"@context\":\"https:\/\/schema.org\",\"@graph\":[{\"@type\":\"WebPage\",\"@id\":\"https:\/\/alphaelectronics.eu\/en\/television\/\",\"url\":\"https:\/\/alphaelectronics.eu\/en\/television\/\",\"name\":\"Television - Alpha Electronics\",\"isPartOf\":{\"@id\":\"https:\/\/alphaelectronics.eu\/sr\/#website\"},\"datePublished\":\"2021-03-11T21:34:43+00:00\",\"dateModified\":\"2021-12-29T16:11:32+00:00\",\"breadcrumb\":{\"@id\":\"https:\/\/alphaelectronics.eu\/en\/television\/#breadcrumb\"},\"inLanguage\":\"sr-RS\",\"potentialAction\":[{\"@type\":\"ReadAction\",\"target\":[\"https:\/\/alphaelectronics.eu\/en\/television\/\"]}]},{\"@type\":\"BreadcrumbList\",\"@id\":\"https:\/\/alphaelectronics.eu\/en\/television\/#breadcrumb\",\"itemListElement\":[{\"@type\":\"ListItem\",\"position\":1,\"name\":\"Home\",\"item\":\"https:\/\/alphaelectronics.eu\/sr\/\"},{\"@type\":\"ListItem\",\"position\":2,\"name\":\"Television\"}]},{\"@type\":\"WebSite\",\"@id\":\"https:\/\/alphaelectronics.eu\/sr\/#website\",\"url\":\"https:\/\/alphaelectronics.eu\/sr\/\",\"name\":\"Alpha Electronics\",\"description\":\"\",\"publisher\":{\"@id\":\"https:\/\/alphaelectronics.eu\/sr\/#organization\"},\"potentialAction\":[{\"@type\":\"SearchAction\",\"target\":{\"@type\":\"EntryPoint\",\"urlTemplate\":\"https:\/\/alphaelectronics.eu\/sr\/?s={search_term_string}\"},\"query-input\":{\"@type\":\"PropertyValueSpecification\",\"valueRequired\":true,\"valueName\":\"search_term_string\"}}],\"inLanguage\":\"sr-RS\"},{\"@type\":\"Organization\",\"@id\":\"https:\/\/alphaelectronics.eu\/sr\/#organization\",\"name\":\"Alpha Electronics\",\"url\":\"https:\/\/alphaelectronics.eu\/sr\/\",\"logo\":{\"@type\":\"ImageObject\",\"inLanguage\":\"sr-RS\",\"@id\":\"https:\/\/alphaelectronics.eu\/sr\/#\/schema\/logo\/image\/\",\"url\":\"http:\/\/alphaelectronics.eu\/wp-content\/uploads\/2021\/03\/AlfaLogo.png\",\"contentUrl\":\"http:\/\/alphaelectronics.eu\/wp-content\/uploads\/2021\/03\/AlfaLogo.png\",\"width\":152,\"height\":53,\"caption\":\"Alpha Electronics\"},\"image\":{\"@id\":\"https:\/\/alphaelectronics.eu\/sr\/#\/schema\/logo\/image\/\"}}]}<\/script>\n<!-- \/ Yoast SEO plugin. -->","yoast_head_json":{"title":"Televizori - Alpha Electronics","robots":{"index":"index","follow":"follow","max-snippet":"max-snippet:-1","max-image-preview":"max-image-preview:large","max-video-preview":"max-video-preview:-1"},"canonical":"https:\/\/alphaelectronics.eu\/sr\/television\/","og_locale":"sr_RS","og_type":"article","og_title":"Television - Alpha Electronics","og_description":"Alpha television Alpha television sets are inspired by real life and everything surrounding us. Minimalistic and modern design, contemporary functions, and premium panel quality (A+ class) make these TVs comparable with premium standards of the TV\/AV category. A wide selection of Alpha television sets cover different diagonals and screen resolutions ensures their adaptability to users [&hellip;]","og_url":"https:\/\/alphaelectronics.eu\/sr\/television\/","og_site_name":"Alpha Electronics","article_modified_time":"2021-12-29T16:11:32+00:00","twitter_card":"summary_large_image","twitter_misc":{"\u041f\u0440\u043e\u0446\u0435\u045a\u0435\u043d\u043e \u0432\u0440\u0435\u043c\u0435 \u0447\u0438\u0442\u0430\u045a\u0430":"5 \u043c\u0438\u043d\u0443\u0442\u0430"},"schema":{"@context":"https:\/\/schema.org","@graph":[{"@type":"WebPage","@id":"https:\/\/alphaelectronics.eu\/en\/television\/","url":"https:\/\/alphaelectronics.eu\/en\/television\/","name":"Televizori - Alpha Electronics","isPartOf":{"@id":"https:\/\/alphaelectronics.eu\/sr\/#website"},"datePublished":"2021-03-11T21:34:43+00:00","dateModified":"2021-12-29T16:11:32+00:00","breadcrumb":{"@id":"https:\/\/alphaelectronics.eu\/en\/television\/#breadcrumb"},"inLanguage":"sr-RS","potentialAction":[{"@type":"ReadAction","target":["https:\/\/alphaelectronics.eu\/en\/television\/"]}]},{"@type":"BreadcrumbList","@id":"https:\/\/alphaelectronics.eu\/en\/television\/#breadcrumb","itemListElement":[{"@type":"ListItem","position":1,"name":"Home","item":"https:\/\/alphaelectronics.eu\/sr\/"},{"@type":"ListItem","position":2,"name":"Television"}]},{"@type":"WebSite","@id":"https:\/\/alphaelectronics.eu\/sr\/#website","url":"https:\/\/alphaelectronics.eu\/sr\/","name":"Alpha Electronics","description":"","publisher":{"@id":"https:\/\/alphaelectronics.eu\/sr\/#organization"},"potentialAction":[{"@type":"SearchAction","target":{"@type":"EntryPoint","urlTemplate":"https:\/\/alphaelectronics.eu\/sr\/?s={search_term_string}"},"query-input":{"@type":"PropertyValueSpecification","valueRequired":true,"valueName":"search_term_string"}}],"inLanguage":"sr-RS"},{"@type":"Organization","@id":"https:\/\/alphaelectronics.eu\/sr\/#organization","name":"Alpha Electronics","url":"https:\/\/alphaelectronics.eu\/sr\/","logo":{"@type":"ImageObject","inLanguage":"sr-RS","@id":"https:\/\/alphaelectronics.eu\/sr\/#\/schema\/logo\/image\/","url":"http:\/\/alphaelectronics.eu\/wp-content\/uploads\/2021\/03\/AlfaLogo.png","contentUrl":"http:\/\/alphaelectronics.eu\/wp-content\/uploads\/2021\/03\/AlfaLogo.png","width":152,"height":53,"caption":"Alpha Electronics"},"image":{"@id":"https:\/\/alphaelectronics.eu\/sr\/#\/schema\/logo\/image\/"}}]}},"_links":{"self":[{"href":"http:\/\/alphaelectronics.eu\/sr\/wp-json\/wp\/v2\/pages\/14","targetHints":{"allow":["GET"]}}],"collection":[{"href":"http:\/\/alphaelectronics.eu\/sr\/wp-json\/wp\/v2\/pages"}],"about":[{"href":"http:\/\/alphaelectronics.eu\/sr\/wp-json\/wp\/v2\/types\/page"}],"author":[{"embeddable":true,"href":"http:\/\/alphaelectronics.eu\/sr\/wp-json\/wp\/v2\/users\/2"}],"replies":[{"embeddable":true,"href":"http:\/\/alphaelectronics.eu\/sr\/wp-json\/wp\/v2\/comments?post=14"}],"version-history":[{"count":181,"href":"http:\/\/alphaelectronics.eu\/sr\/wp-json\/wp\/v2\/pages\/14\/revisions"}],"predecessor-version":[{"id":8388,"href":"http:\/\/alphaelectronics.eu\/sr\/wp-json\/wp\/v2\/pages\/14\/revisions\/8388"}],"wp:attachment":[{"href":"http:\/\/alphaelectronics.eu\/sr\/wp-json\/wp\/v2\/media?parent=14"}],"curies":[{"name":"wp","href":"https:\/\/api.w.org\/{rel}","templated":true}]}}