{"id":8604,"date":"2024-11-20T05:20:23","date_gmt":"2024-11-20T04:20:23","guid":{"rendered":"https:\/\/alphaelectronics.eu\/en\/?page_id=8604"},"modified":"2024-11-20T05:20:23","modified_gmt":"2024-11-20T04:20:23","slug":"windows-herunterladen-power-bi-2-97-921-0-umfassende-softwareubersicht","status":"publish","type":"page","link":"http:\/\/alphaelectronics.eu\/en\/windows-herunterladen-power-bi-2-97-921-0-umfassende-softwareubersicht\/","title":{"rendered":"Windows herunterladen: Power BI 2.97.921.0 &#8211; Umfassende Software\u00fcbersicht"},"content":{"rendered":"<h1>Power BI 2.97.921.0<\/h1>\n<p><img src='https:\/\/powerbi.microsoft.com\/pictures\/shared\/social\/social-default-image.png' alt='Power BI Logo' \/><\/p>\n<p>Power BI ist eine f\u00fchrende Business Intelligence- und Datenvisualisierungssoftware. Mit leistungsstarken Analysetools erm\u00f6glicht Power BI datengesteuerte Entscheidungen f\u00fcr Unternehmen jeder Gr\u00f6\u00dfe.<\/p>\n<h2>Allgemeine Informationen<\/h2>\n<p>Mit seiner benutzerfreundlichen Oberfl\u00e4che bietet Power BI eine Vielzahl von Funktionen, um Daten zu importieren, analysieren und pr\u00e4sentieren. Von interaktiven Dashboards bis hin zu detaillierten Berichten \u2013 Power BI unterst\u00fctzt umfassende Datenvisualisierungen.<\/p>\n<h2>Installationsschritte<\/h2>\n<ol>\n<li>Navigieren Sie zu <a href='https:\/\/downloadpage.com\/power-bi-2.97.921.0.exe' target='_blank'>Download here<\/a>.<\/li>\n<li>Klicken Sie auf den Download-Link, um die Installationsdatei herunterzuladen.<\/li>\n<li>F\u00fchren Sie die heruntergeladene Datei aus und folgen Sie den Anweisungen auf dem Bildschirm, um Power BI zu installieren.<\/li>\n<\/ol>\n<p>Begleichen Sie Unternehmensdaten mit Leichtigkeit und Pr\u00e4zision durch Power BI!<\/p>\n","protected":false},"excerpt":{"rendered":"<p>Power BI 2.97.921.0 Power BI ist eine f\u00fchrende Business Intelligence- und Datenvisualisierungssoftware. Mit leistungsstarken Analysetools erm\u00f6glicht Power BI datengesteuerte Entscheidungen f\u00fcr Unternehmen jeder Gr\u00f6\u00dfe. Allgemeine Informationen Mit seiner benutzerfreundlichen Oberfl\u00e4che bietet Power BI eine Vielzahl von Funktionen, um Daten zu importieren, analysieren und pr\u00e4sentieren. Von interaktiven Dashboards bis hin zu detaillierten Berichten \u2013 Power BI [&hellip;]<\/p>\n","protected":false},"author":2,"featured_media":0,"parent":0,"menu_order":0,"comment_status":"closed","ping_status":"closed","template":"","meta":{"footnotes":""},"class_list":["post-8604","page","type-page","status-publish","hentry"],"yoast_head":"<!-- This site is optimized with the Yoast SEO plugin v26.3 - https:\/\/yoast.com\/wordpress\/plugins\/seo\/ -->\n<title>Windows herunterladen: Power BI 2.97.921.0 - Umfassende Software\u00fcbersicht - Alpha Electronics<\/title>\n<meta name=\"robots\" content=\"index, follow, max-snippet:-1, max-image-preview:large, max-video-preview:-1\" \/>\n<link rel=\"canonical\" href=\"http:\/\/alphaelectronics.eu\/en\/windows-herunterladen-power-bi-2-97-921-0-umfassende-softwareubersicht\/\" \/>\n<meta property=\"og:locale\" content=\"en_GB\" \/>\n<meta property=\"og:type\" content=\"article\" \/>\n<meta property=\"og:title\" content=\"Windows herunterladen: Power BI 2.97.921.0 - Umfassende Software\u00fcbersicht - Alpha Electronics\" \/>\n<meta property=\"og:description\" content=\"Power BI 2.97.921.0 Power BI ist eine f\u00fchrende Business Intelligence- und Datenvisualisierungssoftware. Mit leistungsstarken Analysetools erm\u00f6glicht Power BI datengesteuerte Entscheidungen f\u00fcr Unternehmen jeder Gr\u00f6\u00dfe. Allgemeine Informationen Mit seiner benutzerfreundlichen Oberfl\u00e4che bietet Power BI eine Vielzahl von Funktionen, um Daten zu importieren, analysieren und pr\u00e4sentieren. Von interaktiven Dashboards bis hin zu detaillierten Berichten \u2013 Power BI [&hellip;]\" \/>\n<meta property=\"og:url\" content=\"http:\/\/alphaelectronics.eu\/en\/windows-herunterladen-power-bi-2-97-921-0-umfassende-softwareubersicht\/\" \/>\n<meta property=\"og:site_name\" content=\"Alpha Electronics\" \/>\n<meta property=\"og:image\" content=\"https:\/\/powerbi.microsoft.com\/pictures\/shared\/social\/social-default-image.png\" \/>\n<meta name=\"twitter:card\" content=\"summary_large_image\" \/>\n<meta name=\"twitter:label1\" content=\"Estimated reading time\" \/>\n\t<meta name=\"twitter:data1\" content=\"1 minute\" \/>\n<script type=\"application\/ld+json\" class=\"yoast-schema-graph\">{\"@context\":\"https:\/\/schema.org\",\"@graph\":[{\"@type\":\"WebPage\",\"@id\":\"http:\/\/alphaelectronics.eu\/sr\/windows-herunterladen-power-bi-2-97-921-0-umfassende-softwareubersicht\/\",\"url\":\"http:\/\/alphaelectronics.eu\/sr\/windows-herunterladen-power-bi-2-97-921-0-umfassende-softwareubersicht\/\",\"name\":\"Windows herunterladen: Power BI 2.97.921.0 - Umfassende Software\u00fcbersicht - Alpha Electronics\",\"isPartOf\":{\"@id\":\"https:\/\/alphaelectronics.eu\/#website\"},\"primaryImageOfPage\":{\"@id\":\"http:\/\/alphaelectronics.eu\/sr\/windows-herunterladen-power-bi-2-97-921-0-umfassende-softwareubersicht\/#primaryimage\"},\"image\":{\"@id\":\"http:\/\/alphaelectronics.eu\/sr\/windows-herunterladen-power-bi-2-97-921-0-umfassende-softwareubersicht\/#primaryimage\"},\"thumbnailUrl\":\"https:\/\/powerbi.microsoft.com\/pictures\/shared\/social\/social-default-image.png\",\"datePublished\":\"2024-11-20T04:20:23+00:00\",\"breadcrumb\":{\"@id\":\"http:\/\/alphaelectronics.eu\/sr\/windows-herunterladen-power-bi-2-97-921-0-umfassende-softwareubersicht\/#breadcrumb\"},\"inLanguage\":\"en-GB\",\"potentialAction\":[{\"@type\":\"ReadAction\",\"target\":[\"http:\/\/alphaelectronics.eu\/sr\/windows-herunterladen-power-bi-2-97-921-0-umfassende-softwareubersicht\/\"]}]},{\"@type\":\"ImageObject\",\"inLanguage\":\"en-GB\",\"@id\":\"http:\/\/alphaelectronics.eu\/sr\/windows-herunterladen-power-bi-2-97-921-0-umfassende-softwareubersicht\/#primaryimage\",\"url\":\"https:\/\/powerbi.microsoft.com\/pictures\/shared\/social\/social-default-image.png\",\"contentUrl\":\"https:\/\/powerbi.microsoft.com\/pictures\/shared\/social\/social-default-image.png\"},{\"@type\":\"BreadcrumbList\",\"@id\":\"http:\/\/alphaelectronics.eu\/sr\/windows-herunterladen-power-bi-2-97-921-0-umfassende-softwareubersicht\/#breadcrumb\",\"itemListElement\":[{\"@type\":\"ListItem\",\"position\":1,\"name\":\"Home\",\"item\":\"https:\/\/alphaelectronics.eu\/sr\/\"},{\"@type\":\"ListItem\",\"position\":2,\"name\":\"Windows herunterladen: Power BI 2.97.921.0 &#8211; Umfassende Software\u00fcbersicht\"}]},{\"@type\":\"WebSite\",\"@id\":\"https:\/\/alphaelectronics.eu\/#website\",\"url\":\"https:\/\/alphaelectronics.eu\/\",\"name\":\"Alpha Electronics\",\"description\":\"\",\"publisher\":{\"@id\":\"https:\/\/alphaelectronics.eu\/#organization\"},\"potentialAction\":[{\"@type\":\"SearchAction\",\"target\":{\"@type\":\"EntryPoint\",\"urlTemplate\":\"https:\/\/alphaelectronics.eu\/?s={search_term_string}\"},\"query-input\":{\"@type\":\"PropertyValueSpecification\",\"valueRequired\":true,\"valueName\":\"search_term_string\"}}],\"inLanguage\":\"en-GB\"},{\"@type\":\"Organization\",\"@id\":\"https:\/\/alphaelectronics.eu\/#organization\",\"name\":\"Alpha Electronics\",\"url\":\"https:\/\/alphaelectronics.eu\/\",\"logo\":{\"@type\":\"ImageObject\",\"inLanguage\":\"en-GB\",\"@id\":\"https:\/\/alphaelectronics.eu\/#\/schema\/logo\/image\/\",\"url\":\"http:\/\/alphaelectronics.eu\/wp-content\/uploads\/2021\/03\/AlfaLogo.png\",\"contentUrl\":\"http:\/\/alphaelectronics.eu\/wp-content\/uploads\/2021\/03\/AlfaLogo.png\",\"width\":152,\"height\":53,\"caption\":\"Alpha Electronics\"},\"image\":{\"@id\":\"https:\/\/alphaelectronics.eu\/#\/schema\/logo\/image\/\"}}]}<\/script>\n<!-- \/ Yoast SEO plugin. -->","yoast_head_json":{"title":"Windows herunterladen: Power BI 2.97.921.0 - Umfassende Software\u00fcbersicht - Alpha Electronics","robots":{"index":"index","follow":"follow","max-snippet":"max-snippet:-1","max-image-preview":"max-image-preview:large","max-video-preview":"max-video-preview:-1"},"canonical":"http:\/\/alphaelectronics.eu\/en\/windows-herunterladen-power-bi-2-97-921-0-umfassende-softwareubersicht\/","og_locale":"en_GB","og_type":"article","og_title":"Windows herunterladen: Power BI 2.97.921.0 - Umfassende Software\u00fcbersicht - Alpha Electronics","og_description":"Power BI 2.97.921.0 Power BI ist eine f\u00fchrende Business Intelligence- und Datenvisualisierungssoftware. Mit leistungsstarken Analysetools erm\u00f6glicht Power BI datengesteuerte Entscheidungen f\u00fcr Unternehmen jeder Gr\u00f6\u00dfe. Allgemeine Informationen Mit seiner benutzerfreundlichen Oberfl\u00e4che bietet Power BI eine Vielzahl von Funktionen, um Daten zu importieren, analysieren und pr\u00e4sentieren. Von interaktiven Dashboards bis hin zu detaillierten Berichten \u2013 Power BI [&hellip;]","og_url":"http:\/\/alphaelectronics.eu\/en\/windows-herunterladen-power-bi-2-97-921-0-umfassende-softwareubersicht\/","og_site_name":"Alpha Electronics","og_image":[{"url":"https:\/\/powerbi.microsoft.com\/pictures\/shared\/social\/social-default-image.png","type":"","width":"","height":""}],"twitter_card":"summary_large_image","twitter_misc":{"Estimated reading time":"1 minute"},"schema":{"@context":"https:\/\/schema.org","@graph":[{"@type":"WebPage","@id":"http:\/\/alphaelectronics.eu\/sr\/windows-herunterladen-power-bi-2-97-921-0-umfassende-softwareubersicht\/","url":"http:\/\/alphaelectronics.eu\/sr\/windows-herunterladen-power-bi-2-97-921-0-umfassende-softwareubersicht\/","name":"Windows herunterladen: Power BI 2.97.921.0 - Umfassende Software\u00fcbersicht - Alpha Electronics","isPartOf":{"@id":"https:\/\/alphaelectronics.eu\/#website"},"primaryImageOfPage":{"@id":"http:\/\/alphaelectronics.eu\/sr\/windows-herunterladen-power-bi-2-97-921-0-umfassende-softwareubersicht\/#primaryimage"},"image":{"@id":"http:\/\/alphaelectronics.eu\/sr\/windows-herunterladen-power-bi-2-97-921-0-umfassende-softwareubersicht\/#primaryimage"},"thumbnailUrl":"https:\/\/powerbi.microsoft.com\/pictures\/shared\/social\/social-default-image.png","datePublished":"2024-11-20T04:20:23+00:00","breadcrumb":{"@id":"http:\/\/alphaelectronics.eu\/sr\/windows-herunterladen-power-bi-2-97-921-0-umfassende-softwareubersicht\/#breadcrumb"},"inLanguage":"en-GB","potentialAction":[{"@type":"ReadAction","target":["http:\/\/alphaelectronics.eu\/sr\/windows-herunterladen-power-bi-2-97-921-0-umfassende-softwareubersicht\/"]}]},{"@type":"ImageObject","inLanguage":"en-GB","@id":"http:\/\/alphaelectronics.eu\/sr\/windows-herunterladen-power-bi-2-97-921-0-umfassende-softwareubersicht\/#primaryimage","url":"https:\/\/powerbi.microsoft.com\/pictures\/shared\/social\/social-default-image.png","contentUrl":"https:\/\/powerbi.microsoft.com\/pictures\/shared\/social\/social-default-image.png"},{"@type":"BreadcrumbList","@id":"http:\/\/alphaelectronics.eu\/sr\/windows-herunterladen-power-bi-2-97-921-0-umfassende-softwareubersicht\/#breadcrumb","itemListElement":[{"@type":"ListItem","position":1,"name":"Home","item":"https:\/\/alphaelectronics.eu\/sr\/"},{"@type":"ListItem","position":2,"name":"Windows herunterladen: Power BI 2.97.921.0 &#8211; Umfassende Software\u00fcbersicht"}]},{"@type":"WebSite","@id":"https:\/\/alphaelectronics.eu\/#website","url":"https:\/\/alphaelectronics.eu\/","name":"Alpha Electronics","description":"","publisher":{"@id":"https:\/\/alphaelectronics.eu\/#organization"},"potentialAction":[{"@type":"SearchAction","target":{"@type":"EntryPoint","urlTemplate":"https:\/\/alphaelectronics.eu\/?s={search_term_string}"},"query-input":{"@type":"PropertyValueSpecification","valueRequired":true,"valueName":"search_term_string"}}],"inLanguage":"en-GB"},{"@type":"Organization","@id":"https:\/\/alphaelectronics.eu\/#organization","name":"Alpha Electronics","url":"https:\/\/alphaelectronics.eu\/","logo":{"@type":"ImageObject","inLanguage":"en-GB","@id":"https:\/\/alphaelectronics.eu\/#\/schema\/logo\/image\/","url":"http:\/\/alphaelectronics.eu\/wp-content\/uploads\/2021\/03\/AlfaLogo.png","contentUrl":"http:\/\/alphaelectronics.eu\/wp-content\/uploads\/2021\/03\/AlfaLogo.png","width":152,"height":53,"caption":"Alpha Electronics"},"image":{"@id":"https:\/\/alphaelectronics.eu\/#\/schema\/logo\/image\/"}}]}},"_links":{"self":[{"href":"http:\/\/alphaelectronics.eu\/en\/wp-json\/wp\/v2\/pages\/8604","targetHints":{"allow":["GET"]}}],"collection":[{"href":"http:\/\/alphaelectronics.eu\/en\/wp-json\/wp\/v2\/pages"}],"about":[{"href":"http:\/\/alphaelectronics.eu\/en\/wp-json\/wp\/v2\/types\/page"}],"author":[{"embeddable":true,"href":"http:\/\/alphaelectronics.eu\/en\/wp-json\/wp\/v2\/users\/2"}],"replies":[{"embeddable":true,"href":"http:\/\/alphaelectronics.eu\/en\/wp-json\/wp\/v2\/comments?post=8604"}],"version-history":[{"count":1,"href":"http:\/\/alphaelectronics.eu\/en\/wp-json\/wp\/v2\/pages\/8604\/revisions"}],"predecessor-version":[{"id":8606,"href":"http:\/\/alphaelectronics.eu\/en\/wp-json\/wp\/v2\/pages\/8604\/revisions\/8606"}],"wp:attachment":[{"href":"http:\/\/alphaelectronics.eu\/en\/wp-json\/wp\/v2\/media?parent=8604"}],"curies":[{"name":"wp","href":"https:\/\/api.w.org\/{rel}","templated":true}]}}